{"id":837,"date":"2017-09-15T14:35:37","date_gmt":"2017-09-15T14:35:37","guid":{"rendered":"https:\/\/www.euro-online.org\/websites\/verolog\/?page_id=837"},"modified":"2017-09-15T14:41:18","modified_gmt":"2017-09-15T14:41:18","slug":"verolog-doctoral-dissertation-prize-2013","status":"publish","type":"page","link":"https:\/\/www.euro-online.org\/websites\/verolog\/verolog-doctoral-dissertation-prize-2013\/","title":{"rendered":"Verolog Doctoral Dissertation Prize 2013"},"content":{"rendered":"<p align=\"center\"><strong>Verolog Dissertation Prize 2013<\/strong><\/p>\n<p><strong>Jury: <\/strong>\u00c1ngel Corber\u00e1n (chair), Richard Eglese, Fred\u00e9ric Semet.<\/p>\n<p>&nbsp;<\/p>\n<p><strong>Applicants<\/strong>:<\/p>\n<p>1) Anand Subramanian<\/p>\n<p>2) Berit Brouer<\/p>\n<p>3) Daniel Chemla<\/p>\n<p>4) Dimitri Papageorgiou<\/p>\n<p>5) Fabio Usberti<\/p>\n<p>6) Francesco Ferrucci<\/p>\n<p>7) Hanna Grzybowska<\/p>\n<p>8) Jorgen G Rakke<\/p>\n<p>9) Leandro Coelho<\/p>\n<p>10) Markovits Somogyi<\/p>\n<p>11) Michael Schneider<\/p>\n<p>12) Rafael Martinelli<\/p>\n<p>13) Roberto Roberti<\/p>\n<p>14) Tania Ramos<\/p>\n<p>15) Thibault Vidal<\/p>\n<p>16) Victor Pillac<\/p>\n<p>17) Yossiri Adulyasak<\/p>\n<p>&nbsp;<\/p>\n<p><strong>Winners<\/strong>:<\/p>\n<p>Roberto Roberti: Exact Algorithms for Different Classes of Vehicle Routing Problems<\/p>\n<p>(supervisors: Aristide Mingozzi and Paolo Toth)<\/p>\n<p>&nbsp;<\/p>\n<p>Thibault Vidal: General solution approaches for multi-attribute vehicle routing and scheduling problems.<\/p>\n<p>(supervisors: Theo Crainic, Michael Gendreau and Christian Prins)<\/p>\n","protected":false},"excerpt":{"rendered":"<p>Verolog Dissertation Prize 2013 Jury: \u00c1ngel Corber\u00e1n (chair), Richard Eglese, Fred\u00e9ric Semet. &nbsp; Applicants: 1) Anand Subramanian 2) Berit Brouer 3) Daniel Chemla 4) Dimitri Papageorgiou 5) Fabio Usberti 6) [&hellip;]<\/p>\n","protected":false},"author":14,"featured_media":0,"parent":0,"menu_order":0,"comment_status":"closed","ping_status":"closed","template":"","meta":{"footnotes":""},"class_list":["post-837","page","type-page","status-publish","hentry"],"_links":{"self":[{"href":"https:\/\/www.euro-online.org\/websites\/verolog\/wp-json\/wp\/v2\/pages\/837"}],"collection":[{"href":"https:\/\/www.euro-online.org\/websites\/verolog\/wp-json\/wp\/v2\/pages"}],"about":[{"href":"https:\/\/www.euro-online.org\/websites\/verolog\/wp-json\/wp\/v2\/types\/page"}],"author":[{"embeddable":true,"href":"https:\/\/www.euro-online.org\/websites\/verolog\/wp-json\/wp\/v2\/users\/14"}],"replies":[{"embeddable":true,"href":"https:\/\/www.euro-online.org\/websites\/verolog\/wp-json\/wp\/v2\/comments?post=837"}],"version-history":[{"count":3,"href":"https:\/\/www.euro-online.org\/websites\/verolog\/wp-json\/wp\/v2\/pages\/837\/revisions"}],"predecessor-version":[{"id":845,"href":"https:\/\/www.euro-online.org\/websites\/verolog\/wp-json\/wp\/v2\/pages\/837\/revisions\/845"}],"wp:attachment":[{"href":"https:\/\/www.euro-online.org\/websites\/verolog\/wp-json\/wp\/v2\/media?parent=837"}],"curies":[{"name":"wp","href":"https:\/\/api.w.org\/{rel}","templated":true}]}}