{"id":833,"date":"2017-09-15T14:32:33","date_gmt":"2017-09-15T14:32:33","guid":{"rendered":"https:\/\/www.euro-online.org\/websites\/verolog\/?page_id=833"},"modified":"2017-09-15T14:40:21","modified_gmt":"2017-09-15T14:40:21","slug":"verolog-doctoral-dissertation-prize-2012","status":"publish","type":"page","link":"https:\/\/www.euro-online.org\/websites\/verolog\/verolog-doctoral-dissertation-prize-2012\/","title":{"rendered":"Verolog Doctoral Dissertation Prize 2012"},"content":{"rendered":"<p align=\"center\"><strong>Verolog Dissertation Prize 2012<\/strong><\/p>\n<p><strong>Jury: <\/strong>Paolo Toth (chair), \u00c1ngel Corber\u00e1n, Fred\u00e9ric Semet<\/p>\n<p>&nbsp;<\/p>\n<p><strong>Applicants<\/strong>:<\/p>\n<p>1) Jan Fabian Ehmke<\/p>\n<p>2) Michael Schilde<\/p>\n<p>3) Ilaria Vacca<\/p>\n<p>4) Mads K. Jepsen<\/p>\n<p>5) Bjorn Petersen<\/p>\n<p>6) Simona Mancini<\/p>\n<p>7) Claudio Contardo<\/p>\n<p>8) Nikolai van Omme<\/p>\n<p>9) Adamo Bosco<\/p>\n<p>&nbsp;<\/p>\n<p><strong>Winner<\/strong>:<\/p>\n<p>Bjorn Petersen: Shortest Paths and Vehicle Routing<\/p>\n<p>(supervisor David Pisinger)<\/p>\n","protected":false},"excerpt":{"rendered":"<p>Verolog Dissertation Prize 2012 Jury: Paolo Toth (chair), \u00c1ngel Corber\u00e1n, Fred\u00e9ric Semet &nbsp; Applicants: 1) Jan Fabian Ehmke 2) Michael Schilde 3) Ilaria Vacca 4) Mads K. Jepsen 5) Bjorn [&hellip;]<\/p>\n","protected":false},"author":14,"featured_media":0,"parent":0,"menu_order":0,"comment_status":"closed","ping_status":"closed","template":"","meta":{"footnotes":""},"class_list":["post-833","page","type-page","status-publish","hentry"],"_links":{"self":[{"href":"https:\/\/www.euro-online.org\/websites\/verolog\/wp-json\/wp\/v2\/pages\/833"}],"collection":[{"href":"https:\/\/www.euro-online.org\/websites\/verolog\/wp-json\/wp\/v2\/pages"}],"about":[{"href":"https:\/\/www.euro-online.org\/websites\/verolog\/wp-json\/wp\/v2\/types\/page"}],"author":[{"embeddable":true,"href":"https:\/\/www.euro-online.org\/websites\/verolog\/wp-json\/wp\/v2\/users\/14"}],"replies":[{"embeddable":true,"href":"https:\/\/www.euro-online.org\/websites\/verolog\/wp-json\/wp\/v2\/comments?post=833"}],"version-history":[{"count":3,"href":"https:\/\/www.euro-online.org\/websites\/verolog\/wp-json\/wp\/v2\/pages\/833\/revisions"}],"predecessor-version":[{"id":843,"href":"https:\/\/www.euro-online.org\/websites\/verolog\/wp-json\/wp\/v2\/pages\/833\/revisions\/843"}],"wp:attachment":[{"href":"https:\/\/www.euro-online.org\/websites\/verolog\/wp-json\/wp\/v2\/media?parent=833"}],"curies":[{"name":"wp","href":"https:\/\/api.w.org\/{rel}","templated":true}]}}