{"id":552,"date":"2018-12-30T18:03:26","date_gmt":"2018-12-30T18:03:26","guid":{"rendered":"https:\/\/www.euro-online.org\/websites\/pms\/?page_id=552"},"modified":"2018-12-30T18:28:34","modified_gmt":"2018-12-30T18:28:34","slug":"6th-workshop","status":"publish","type":"page","link":"https:\/\/www.euro-online.org\/websites\/pms\/6th-workshop\/","title":{"rendered":"6th Workshop"},"content":{"rendered":"<div class=\"wpb-content-wrapper\"><p>[vc_row][vc_column][vc_column_text]The 6. International Workshop on Project Management and Scheduling was hosted by the Department of Industrial Engineering, Bogazici University in Turkey on July 07 &#8211; July 09, 1998<\/p>\n<p>Chair of the Organizing Committee:<\/p>\n<p>G\u00fcnd\u00fcz Ulusoy<\/p>\n<p>Department of Industrial Engineering<br \/>\nBogazici University<br \/>\nBebek<br \/>\n80815 Istanbul,<\/p>\n<p>A special post-conference issue of the European Journal of Operational Research edited by G\u00fcnd\u00fcz Ulusoy, Sel\u00e7uk Karabati was published (vol. 127, No. 2, 2000)[\/vc_column_text][\/vc_column][\/vc_row][vc_row][vc_column][vc_single_image image=&#8221;437&#8243; img_size=&#8221;medium&#8221;][\/vc_column][\/vc_row]<\/p>\n<\/div>","protected":false},"excerpt":{"rendered":"<p>[vc_row][vc_column][vc_column_text]The 6. International Workshop on Project Management and Scheduling was hosted by the Department of Industrial Engineering, Bogazici University in Turkey on July 07 &#8211; July 09, 1998 Chair of [&hellip;]<\/p>\n","protected":false},"author":4496,"featured_media":0,"parent":0,"menu_order":0,"comment_status":"closed","ping_status":"closed","template":"","meta":{"footnotes":""},"class_list":["post-552","page","type-page","status-publish","hentry"],"_links":{"self":[{"href":"https:\/\/www.euro-online.org\/websites\/pms\/wp-json\/wp\/v2\/pages\/552"}],"collection":[{"href":"https:\/\/www.euro-online.org\/websites\/pms\/wp-json\/wp\/v2\/pages"}],"about":[{"href":"https:\/\/www.euro-online.org\/websites\/pms\/wp-json\/wp\/v2\/types\/page"}],"author":[{"embeddable":true,"href":"https:\/\/www.euro-online.org\/websites\/pms\/wp-json\/wp\/v2\/users\/4496"}],"replies":[{"embeddable":true,"href":"https:\/\/www.euro-online.org\/websites\/pms\/wp-json\/wp\/v2\/comments?post=552"}],"version-history":[{"count":3,"href":"https:\/\/www.euro-online.org\/websites\/pms\/wp-json\/wp\/v2\/pages\/552\/revisions"}],"predecessor-version":[{"id":577,"href":"https:\/\/www.euro-online.org\/websites\/pms\/wp-json\/wp\/v2\/pages\/552\/revisions\/577"}],"wp:attachment":[{"href":"https:\/\/www.euro-online.org\/websites\/pms\/wp-json\/wp\/v2\/media?parent=552"}],"curies":[{"name":"wp","href":"https:\/\/api.w.org\/{rel}","templated":true}]}}