{"id":508,"date":"2018-12-28T19:45:50","date_gmt":"2018-12-28T19:45:50","guid":{"rendered":"https:\/\/www.euro-online.org\/websites\/pms\/?page_id=508"},"modified":"2018-12-28T19:54:45","modified_gmt":"2018-12-28T19:54:45","slug":"10th-workshop","status":"publish","type":"page","link":"https:\/\/www.euro-online.org\/websites\/pms\/10th-workshop\/","title":{"rendered":"10th Workshop"},"content":{"rendered":"<div class=\"wpb-content-wrapper\"><p>[vc_row][vc_column][vc_column_text]<\/p>\n<div>\n<p>The 10. International Workshop on Project Management and Scheduling was hosted by the Institute of Computing Science, Pozna\u0144 University of Technology in Poland on April 26 &#8211; April 28, 2006<\/p>\n<p>Chair of the Organizing Committee:<\/p>\n<p>Jan W\u0119glarz<\/p>\n<p>Institute of Computing Science<br \/>\nPozna\u0144 University of Technology<br \/>\nul. Piotrowo 3a<br \/>\n60-965 Pozna\u0144, Poland<\/p>\n<p>A special post-conference issue of the European Journal of Operational Research edited by Jacek B\u0142a\u017cewicz, Joanna J\u00f3zefowska and Roman S\u0142owi\u0144ski<br \/>\nwas published (Vol. 193, No. 1, 2009)[\/vc_column_text][\/vc_column][\/vc_row][vc_row][vc_column][vc_single_image image=&#8221;511&#8243; img_size=&#8221;medium&#8221;][\/vc_column][\/vc_row]<\/p>\n<\/div>\n<\/div>","protected":false},"excerpt":{"rendered":"<p>[vc_row][vc_column][vc_column_text] The 10. International Workshop on Project Management and Scheduling was hosted by the Institute of Computing Science, Pozna\u0144 University of Technology in Poland on April 26 &#8211; April 28, [&hellip;]<\/p>\n","protected":false},"author":4496,"featured_media":0,"parent":0,"menu_order":0,"comment_status":"closed","ping_status":"closed","template":"","meta":{"footnotes":""},"class_list":["post-508","page","type-page","status-publish","hentry"],"_links":{"self":[{"href":"https:\/\/www.euro-online.org\/websites\/pms\/wp-json\/wp\/v2\/pages\/508"}],"collection":[{"href":"https:\/\/www.euro-online.org\/websites\/pms\/wp-json\/wp\/v2\/pages"}],"about":[{"href":"https:\/\/www.euro-online.org\/websites\/pms\/wp-json\/wp\/v2\/types\/page"}],"author":[{"embeddable":true,"href":"https:\/\/www.euro-online.org\/websites\/pms\/wp-json\/wp\/v2\/users\/4496"}],"replies":[{"embeddable":true,"href":"https:\/\/www.euro-online.org\/websites\/pms\/wp-json\/wp\/v2\/comments?post=508"}],"version-history":[{"count":8,"href":"https:\/\/www.euro-online.org\/websites\/pms\/wp-json\/wp\/v2\/pages\/508\/revisions"}],"predecessor-version":[{"id":518,"href":"https:\/\/www.euro-online.org\/websites\/pms\/wp-json\/wp\/v2\/pages\/508\/revisions\/518"}],"wp:attachment":[{"href":"https:\/\/www.euro-online.org\/websites\/pms\/wp-json\/wp\/v2\/media?parent=508"}],"curies":[{"name":"wp","href":"https:\/\/api.w.org\/{rel}","templated":true}]}}