{"id":454,"date":"2018-12-28T16:40:55","date_gmt":"2018-12-28T16:40:55","guid":{"rendered":"https:\/\/www.euro-online.org\/websites\/pms\/?page_id=454"},"modified":"2018-12-29T08:39:38","modified_gmt":"2018-12-29T08:39:38","slug":"12th-workshop","status":"publish","type":"page","link":"https:\/\/www.euro-online.org\/websites\/pms\/12th-workshop\/","title":{"rendered":"12th Workshop"},"content":{"rendered":"<div class=\"wpb-content-wrapper\"><p>[vc_row][vc_column][vc_column_text]The 12. International Workshop on Project Management and Scheduling was hosted by the D\u00e9partement Informatique &#8211; Polytech`Tours, Universit\u00e9 Fran\u00e7ois-Rabelais de Tours in France on April 26 &#8211; April 28, 2010<\/p>\n<p>Chair of the Organizing Committee:<\/p>\n<p>Vincent T`Kindt<\/p>\n<p>D\u00e9partement Informatique &#8211; Polytech`Tours<br \/>\nUniversit\u00e9 Fran\u00e7ois-Rabelais de Tours<br \/>\n64 avenue Jean Portalis<br \/>\n37200 Tours, France<\/p>\n<p>A special post-conference issue of Annals of Operations Research edited by Vincent T`Kindt and Emmanuel N\u00e9ron was published (vol. 213, No. 1, 2014)[\/vc_column_text][\/vc_column][\/vc_row][vc_row][vc_column][vc_single_image image=&#8221;469&#8243; img_size=&#8221;medium&#8221;][\/vc_column][\/vc_row]<\/p>\n<\/div>","protected":false},"excerpt":{"rendered":"<p>[vc_row][vc_column][vc_column_text]The 12. International Workshop on Project Management and Scheduling was hosted by the D\u00e9partement Informatique &#8211; Polytech`Tours, Universit\u00e9 Fran\u00e7ois-Rabelais de Tours in France on April 26 &#8211; April 28, 2010 [&hellip;]<\/p>\n","protected":false},"author":4496,"featured_media":0,"parent":0,"menu_order":0,"comment_status":"closed","ping_status":"closed","template":"","meta":{"footnotes":""},"class_list":["post-454","page","type-page","status-publish","hentry"],"_links":{"self":[{"href":"https:\/\/www.euro-online.org\/websites\/pms\/wp-json\/wp\/v2\/pages\/454"}],"collection":[{"href":"https:\/\/www.euro-online.org\/websites\/pms\/wp-json\/wp\/v2\/pages"}],"about":[{"href":"https:\/\/www.euro-online.org\/websites\/pms\/wp-json\/wp\/v2\/types\/page"}],"author":[{"embeddable":true,"href":"https:\/\/www.euro-online.org\/websites\/pms\/wp-json\/wp\/v2\/users\/4496"}],"replies":[{"embeddable":true,"href":"https:\/\/www.euro-online.org\/websites\/pms\/wp-json\/wp\/v2\/comments?post=454"}],"version-history":[{"count":10,"href":"https:\/\/www.euro-online.org\/websites\/pms\/wp-json\/wp\/v2\/pages\/454\/revisions"}],"predecessor-version":[{"id":532,"href":"https:\/\/www.euro-online.org\/websites\/pms\/wp-json\/wp\/v2\/pages\/454\/revisions\/532"}],"wp:attachment":[{"href":"https:\/\/www.euro-online.org\/websites\/pms\/wp-json\/wp\/v2\/media?parent=454"}],"curies":[{"name":"wp","href":"https:\/\/api.w.org\/{rel}","templated":true}]}}