{"id":111,"date":"2017-02-02T12:16:59","date_gmt":"2017-02-02T12:16:59","guid":{"rendered":"https:\/\/www.euro-online.org\/websites\/orsdce\/?page_id=111"},"modified":"2022-02-02T14:31:04","modified_gmt":"2022-02-02T14:31:04","slug":"activities","status":"publish","type":"page","link":"https:\/\/www.euro-online.org\/websites\/orsdce\/activities\/","title":{"rendered":"Activities"},"content":{"rendered":"<div class=\"wpb-content-wrapper\"><p>[vc_row][vc_column][vc_column_text]<\/p>\n<h4>ORSDCE Workshops<\/h4>\n<p>[\/vc_column_text][vc_column_text]Sustainable Construction &amp; Flexible Management (SC&amp;FM) is a workshop based conference\u00a0which\u00a0puts special emphasis on exchange of ideas amongst scientists\u00a0wanting to\u00a0present and consult their work with people of\u00a0similar interests.<\/p>\n<p>Conference originates from German \u2013 Lithuanian \u2013 Polish Partnership, which Poznan University of Technology is a member of. Partnership has longlasting tradition with over 30 year history and 15 conferences.<\/p>\n<p>With a tribute to our common history, basing on our experience, we\u00a0have established SC&amp;FM to help scientists with gathering their brain trust in order to speed up their work in progress.\u00a0We encourage our participants to open minded discussion on actual issues of construction industry not\u00a0limited to\u00a0lecture sessions, but expanded to\u00a0continuous exchange of views, also during extracurricular activities.[\/vc_column_text][vc_column_text]<\/p>\n<h4><\/h4>\n<p>Visit <a href=\"http:\/\/www.scfm.put.poznan.pl\/orsdce-workshops\/\" target=\"_blank\" rel=\"noopener noreferrer\">SC&amp;FM website<\/a>[\/vc_column_text][vc_separator][\/vc_column][\/vc_row][vc_row][vc_column][vc_column_text]<\/p>\n<h4>Conferences<\/h4>\n<p>[\/vc_column_text][vc_column_text]This section presents the conferences organized by EWG ORSDCE and events the members contributed.[\/vc_column_text][vc_column_text]<\/p>\n<h4><\/h4>\n<p><a href=\"https:\/\/www.euro-online.org\/websites\/orsdce\/conferences\/\" target=\"_blank\" rel=\"noopener noreferrer\">Vew conferences<\/a>[\/vc_column_text][vc_separator][\/vc_column][\/vc_row][vc_row][vc_column][vc_column_text]<\/p>\n<h4>Journals<\/h4>\n<p>[\/vc_column_text][vc_column_text]Members of EWG-ORSDCE are working in editorial boards of peer-reviewed scientific journals:<\/p>\n<p><u><a href=\"https:\/\/journals.vgtu.lt\/index.php\/TEDE\">Technological and Economic Development of Economy<\/a><\/u><\/p>\n<p><u><a href=\"https:\/\/journals.vgtu.lt\/index.php\/JCEM\">Journal of Civil Engineering and Management<\/a><\/u><\/p>\n<p><u><a href=\"https:\/\/journals.vgtu.lt\/index.php\/JBEM\">Journal of Business Economics and Management<\/a><\/u><\/p>\n<p><u><a href=\"https:\/\/journals.vgtu.lt\/index.php\/IJSPM\">International Journal of Strategic Property Management<\/a><\/u><\/p>\n<p><u><a href=\"https:\/\/journals.vgtu.lt\/index.php\/EST\">Engineering Structures and Technologies<\/a><\/u><\/p>\n<p><em>\u00a0<\/em>Members of EWG-ORSDCE also successfully Guest Editing <strong>Special Issues of journals<\/strong> related to the research field.<\/p>\n<p>The Special Issue \u201c<a href=\"https:\/\/www.hindawi.com\/journals\/mpe\/si\/267648\/\" target=\"_blank\" rel=\"noopener noreferrer\">Decision Making Methods and Applications in Civil Engineering<\/a>\u201c in journal \u201cMathematical Problems in Engineering\u201d was published in 2015.<\/p>\n<p>The Special Issue \u201c<a href=\"https:\/\/www.hindawi.com\/journals\/mpe\/si\/162542\/\" target=\"_blank\" rel=\"noopener noreferrer\">Mathematical Models for Dealing with Risk in Engineering<\/a>\u201c in journal \u201cMathematical Problems in Engineering\u201d was published in 2016.<\/p>\n<p>The Special Issue \u201c<a href=\"https:\/\/www.hindawi.com\/journals\/complexity\/si\/513462\/\" target=\"_blank\" rel=\"noopener noreferrer\">Managing Information Uncertainty and Complexity in Decision-Making<\/a>\u201d in journal \u201cComplexity\u201d was published in 2017.<\/p>\n<p>Special Issue &#8220;<a href=\"https:\/\/www.mdpi.com\/journal\/sustainability\/special_issues\/criteria_decision_making\" target=\"_blank\" rel=\"noopener noreferrer\">Advances in Multiple Criteria Decision Making for Sustainability: Modeling and Applications<\/a>&#8221; in journal \u201cSustainability\u201d was published in 2018.<\/p>\n<p>Special Issue &#8220;<a href=\"http:\/\/www.mdpi.com\/journal\/sustainability\/special_issues\/Sustainability_Construction_Engineering\" target=\"_blank\" rel=\"noopener noreferrer\">Sustainability in Construction Engineering<\/a>&#8221; in journal \u201cSustainability\u201d was published in 2018.<\/p>\n<p>Special Issue &#8220;<a href=\"http:\/\/www.mdpi.com\/journal\/symmetry\/special_issues\/Civil_Engineering_Symmetry\" target=\"_blank\" rel=\"noopener noreferrer\">Civil Engineering and Symmetry<\/a>&#8221; \u00a0in journal \u201cSymmetry\u201d was published in 2018.<\/p>\n<p>Special Issue &#8220;<a href=\"http:\/\/www.mdpi.com\/journal\/economies\/special_issues\/industry4.0\" target=\"_blank\" rel=\"noopener noreferrer\">Economic Growth as a Consequence of the Industry 4.0 Concept<\/a>&#8221; \u00a0in journal \u201cEconomies\u201d was published in 2018.<\/p>\n<p>Special Issue &#8220;<a href=\"https:\/\/www.mdpi.com\/journal\/symmetry\/special_issues\/Solution_models_based_symmetric_asymmetric_information\" target=\"_blank\" rel=\"noopener noreferrer\">Solution Models based on Symmetric and Asymmetric Information<\/a>\u201c in journal \u201cSymmetry\u201d was published in 2018.<\/p>\n<p>Special Issue &#8220;<a href=\"https:\/\/www.mdpi.com\/journal\/information\/special_issues\/MCDM_Business_Processes\" target=\"_blank\" rel=\"noopener noreferrer\">Multiple-Criteria Decision-Making (MCDM) Techniques for Business Processes Information Management<\/a>&#8221; in journal \u201cInformation\u201d was published in 2018.<\/p>\n<p>Special Issue &#8221; <a href=\"https:\/\/www.mdpi.com\/journal\/admsci\/special_issues\/Rational_Decision_Making\" target=\"_blank\" rel=\"noopener noreferrer\">Rational Decision Making in Risk Management<\/a>&#8221; in journal \u201cAdministrative Sciences\u201d was published in 2018.<\/p>\n<p>Special Issue &#8220;<a href=\"https:\/\/www.mdpi.com\/journal\/sustainability\/special_issues\/Multi-Objective_Multi-Attribute_Optimisation_Sustainable_Development_Decision_Aiding\" target=\"_blank\" rel=\"noopener noreferrer\">Multi-Objective and Multi-Attribute Optimisation for Sustainable Development Decision Aiding<\/a>&#8221; in journal \u201eSustainability\u201c was published in 2019.<\/p>\n<p>Special Issue \u201e<a href=\"https:\/\/www.hindawi.com\/journals\/ace\/si\/327683\/cfp\/\" target=\"_blank\" rel=\"noopener noreferrer\">Advanced BIM Applications in the Construction Industry<\/a>\u201c in journal \u201eAdvances in Civil Engineering\u201c was published in 2019.<\/p>\n<p>Special Issue &#8220;<a href=\"https:\/\/www.mdpi.com\/journal\/buildings\/special_issues\/Architecture_Engineering\">Architecture and Engineering: the Challenges &#8211; Trends &#8211; Achievements<\/a>&#8221; in journal \u201c<em>Buildings<\/em>\u201d was published in 2019.<\/p>\n<p>Special Issue\u00a0&#8220;<a href=\"https:\/\/www.mdpi.com\/journal\/buildings\/special_issues\/Sustainable_Buildings\" target=\"_blank\" rel=\"noopener noreferrer\">Sustainable Development of Buildings: Design, Construction, Quality Inspection, Operation Management<\/a>&#8221; in journal &#8220;Buildings&#8221; was published in 2019.<\/p>\n<p>Special Issue &#8220;<a href=\"https:\/\/www.mdpi.com\/journal\/symmetry\/special_issues\/Sustainability_Engineering_Processes\" target=\"_blank\" rel=\"noopener noreferrer\">Multi-Criteria Decision-Making Techniques for Improvement Sustainability Engineering Processes<\/a>&#8221; in journal \u201cSymmetry\u201d was published in 2020.<\/p>\n<p>Special Issue \u201c<a href=\"https:\/\/journals.vgtu.lt\/index.php\/Transport\/announcement\/view\/33\">Multiple Criteria Decision Making (MCDM) and Sustainability in Transportation Systems<\/a>\u201d in journal \u201eTransport\u201c was published in 2020.<\/p>\n<p>Special Issue <strong><em>&#8220;<\/em><\/strong><a href=\"https:\/\/www.mdpi.com\/journal\/sustainability\/special_issues\/Ageing_Population_Sustainability\">A Healthy Built Environment for an Ageing Population<\/a><strong><em>&#8220;<\/em><\/strong> in journal <em>\u201cSustainability\u201d<\/em> was published in 2020.<\/p>\n<p>Special Issue &#8221; <a href=\"https:\/\/www.mdpi.com\/journal\/sustainability\/special_issues\/Decison_Support_System_Sus_Construction\">Decision Support System and Sustainable Construction Management<\/a>&#8221; in journal <em>\u201cSustainability\u201d <\/em>was published in 2020.<\/p>\n<p>Special Issue &#8220;<a href=\"https:\/\/www.mdpi.com\/journal\/sustainability\/special_issues\/construction_engineering\">Sustainable Construction Engineering and Management&#8221; <\/a>in Journal \u201eSustainability\u201c was published in 2021.<\/p>\n<p>Special Issue &#8220;<a href=\"https:\/\/www.mdpi.com\/journal\/sustainability\/special_issues\/Sustainable_Risk_Assessment_Construction\">Sustainability and Risks in Construction Management<\/a>&#8221; in Journal <em>\u201cSustainability\u201d\u00a0 <\/em>was published in 2021.<\/p>\n<p>Special Issue &#8220;<a href=\"https:\/\/www.mdpi.com\/journal\/sustainability\/special_issues\/dssmcdm_ma\">Decision Support Systems and Multiple Criteria Decision Making for Sustainable Development<\/a>&#8221; in Journal <em>\u201cSustainability\u201d <\/em>was published in 2021.<\/p>\n<p>Special Issue &#8220;<a href=\"https:\/\/www.mdpi.com\/journal\/ijerph\/special_issues\/occupational_safety_risks\">Occupational Safety and Risks in Construction<\/a>&#8221; in Journal \u201c<em>International Journal of Environmental Research and Public Health<\/em>\u201d was published in 2021.<\/p>\n<p>Special Issue \u201c<a href=\"https:\/\/www.researchgate.net\/publication\/332409283_Computers_Industrial_Engineering_Special_Issue\">Uncertain multiple criteria decision making methodologies and their applications in healthcare management<\/a>\u201c in Journal \u201c<em>Computers &amp; Industrial Engineering<\/em>\u201d was published in 2021.<\/p>\n<p>Special Issue &#8220;<a href=\"https:\/\/www.mdpi.com\/journal\/symmetry\/special_issues\/Symmetric_Asymmetric_Data_Solution_Models\">Symmetric and Asymmetric Data in Solution Models<\/a>&#8221; in Journal \u201dSymmetry\u201d was published in 2021.<\/p>\n<p><strong>Open Special Issues (presented in chronological order):<\/strong><\/p>\n<ul>\n<li style=\"list-style-type: none\">\n<ul>\n<li>Special Issue &#8220;<a href=\"https:\/\/www.mdpi.com\/journal\/mathematics\/special_issues\/Multi_criteria_Decision_Making_Data_Mining\">Multi-criteria Decision Making and Data Mining<\/a>&#8221; in Journal\u00a0<em>\u201cMathematics\u201d\u00a0<\/em>(Deadline for manuscript submissions:\u00a0<strong>31 May 2021<\/strong>)<\/li>\n<\/ul>\n<\/li>\n<\/ul>\n<p><em>Guest Editors: James Liou, Art\u016bras Kaklauskas<\/em><\/p>\n<ul>\n<li>Special Issue &#8220;<a href=\"https:\/\/www.mdpi.com\/journal\/sustainability\/special_issues\/SDC\">Sustainable Design and Construction<\/a>&#8221; in Journal <em>\u201cSustainability\u201d <\/em>(Deadline for manuscript submissions: <strong>31 May 2021<\/strong>)<\/li>\n<\/ul>\n<p><em>Guest Editor: Laura Tup\u0117nait\u0117<\/em><\/p>\n<ul>\n<li>Special Issue &#8220;<a href=\"https:\/\/www.mdpi.com\/journal\/symmetry\/special_issues\/Sustainability_assessment_globalization\">Sustainability Assessment using Uncertain Decision Making Approaches in the Era of Globalization<\/a>&#8221; in Journal \u201dSymmetry\u201d (Deadline for manuscript submissions: <strong>30 June 2021<\/strong>)<\/li>\n<\/ul>\n<p><em>Guest Editors: Edmundas Kazimieras Zavadskas, Dragan Pamucar, \u017deljko Stevi\u0107, Abbas Mardani<\/em><\/p>\n<ul>\n<li>Special Issue &#8220;<a href=\"https:\/\/www.springer.com\/journal\/10489\/updates\/18550380\">Big data-driven large-scale group decision making under uncertainty (BiGDM-U)<\/a>&#8221; in Journal \u201dApplied Intelligence\u201d (Deadline for manuscript submissions: <strong>10 July 2021<\/strong>)<\/li>\n<\/ul>\n<p><em>Guest Editors: Abbas Mardani, Edmundas Kazimieras Zavadskas, Hamido Fujita, Mario K\u00f6ppen<\/em><\/p>\n<ul>\n<li>Special Issue &#8220;<a href=\"https:\/\/www.mdpi.com\/journal\/sustainability\/special_issues\/estate_marketing\">Analysis on Real-Estate Marketing and Sustainable Civil Engineering<\/a>&#8221; in Journal <em>\u201cSustainability\u201d <\/em>(Deadline for manuscript submissions: <strong>1 August 2021<\/strong>)<\/li>\n<\/ul>\n<p><em>Guest Editors: Natalija Lepkova, Laura Tup\u0117nait\u0117<\/em><\/p>\n<ul>\n<li>Special Issue &#8220;<a href=\"https:\/\/www.mdpi.com\/journal\/ijerph\/special_issues\/occupational_safety_risks\">Occupational Safety and Risks in Construction<\/a>&#8221; in Journal \u201c<em>International Journal of Environmental Research and Public Health<\/em>\u201d (Deadline for manuscript submissions:\u00a0<strong>1 August 2021<\/strong>)<\/li>\n<\/ul>\n<p><em>Guest Editors: Jolanta Tamo\u0161aitien\u0117, Jerzy Pas\u0142awski<\/em><\/p>\n<ul>\n<li>Special Issue \u201c<a href=\"https:\/\/www.mdpi.com\/journal\/energies\/special_issues\/Decision_Making_Energy_Policies\">Uncertain Decision Making Methods in Energy Policies for Sustainable Development<\/a>\u201c in Journal \u201c<em>Energies<\/em>\u201d (Deadline for manuscript submissions: <strong>25 August 2021<\/strong>)<\/li>\n<\/ul>\n<p><em>Guest Editors: Abbas Mardani, Edmundas Kazimieras Zavadskas, Madjid Tavana, George Philippidis<\/em><\/p>\n<ul>\n<li>Special Issue \u201c<a href=\"https:\/\/www.mdpi.com\/journal\/energies\/special_issues\/sustainable_energy_technologies_transition_energy_positive_buildings\">Sustainable Energy Technologies for Transition to Energy Positive Buildings<\/a>\u201c in Journal \u201c<em>Energies<\/em>\u201d (Deadline for manuscript submissions: <strong>31 August2021<\/strong>)<\/li>\n<\/ul>\n<p><em>Guest Editors: Tatjana Vilutien\u0117, Violeta Motuzien\u0117<\/em><\/p>\n<ul>\n<li>Special Issue \u201c<a href=\"https:\/\/www.mdpi.com\/journal\/energies\/special_issues\/innovations_architecture\">Innovations in Sustainable Architecture, Engineering and Construction<\/a>\u201c in Journal \u201c<em>Energies<\/em>\u201d (Deadline for manuscript submissions: <strong>1 September 2021<\/strong>)<\/li>\n<\/ul>\n<p><em>Guest Editors: Audrius Banaitis, Chunlu Liu, Nerija Banaitien\u0117<\/em><\/p>\n<ul>\n<li>Special Issue \u201c<a href=\"https:\/\/www.mdpi.com\/journal\/energies\/special_issues\/construction_project_management_2021\">Construction Project Management 2021<\/a>\u201c in Journal \u201c<em>Energies<\/em>\u201d (Deadline for manuscript submissions: <strong>1 October 2021<\/strong>)<\/li>\n<\/ul>\n<p><em>Guest Editors: Nerija Banaitien\u0117, Audrius Banaitis, Chunlu Liu<\/em><\/p>\n<ul>\n<li>Special Issue &#8220;<a href=\"https:\/\/www.mdpi.com\/journal\/sustainability\/special_issues\/Sustainable_Decision_Making\">Sustainable Decision Making in Civil and Construction Engineering<\/a>&#8221; in Journal <em>\u201cSustainability\u201d <\/em>(Deadline for manuscript submissions: <strong>31 December 2021<\/strong>)<\/li>\n<\/ul>\n<p><em>Guest Editor: Jolanta Tamo\u0161aitien\u0117<\/em><\/p>\n<p>[\/vc_column_text][vc_column_text]<\/p>\n<h4><\/h4>\n<p>[\/vc_column_text][vc_separator][\/vc_column][\/vc_row][vc_row][vc_column][vc_column_text]<\/p>\n<h4>Articles<\/h4>\n<p>[\/vc_column_text][vc_column_text]This section presents the articles published by the members of the Working Group in international scientific journals by chronological order (only from 2000).[\/vc_column_text][vc_column_text]<\/p>\n<h4><\/h4>\n<p><a href=\"https:\/\/www.euro-online.org\/websites\/orsdce\/articles-published\/\" target=\"_blank\" rel=\"noopener noreferrer\">See articles published in period 2000-2019<\/a>[\/vc_column_text][vc_separator][\/vc_column][\/vc_row][vc_row][vc_column][vc_column_text]<\/p>\n<h4>Scientific projects<\/h4>\n<p>[\/vc_column_text][vc_column_text]This section presents the scientific projects implemented by the members of the Working Group.[\/vc_column_text][vc_column_text]<\/p>\n<h4><\/h4>\n<p><a href=\"https:\/\/www.euro-online.org\/websites\/orsdce\/scientific-projects\/\" target=\"_blank\" rel=\"noopener noreferrer\">See list of projects<\/a>[\/vc_column_text][vc_separator][\/vc_column][\/vc_row][vc_row][vc_column][vc_column_text]<\/p>\n<h4>Other activities<\/h4>\n<p>[\/vc_column_text][vc_column_text]The members of EWG-ORSDCE are active on international level promoting collaboration in broad research areas. The members of EWG-ORSDCE were among the founders of new organization called <a href=\"http:\/\/www.iaitqm.org\/\" target=\"_blank\" rel=\"noopener noreferrer\">International Academy of Information Technology and Quantitative Management (IAITQM)<\/a>.\u00a0\u00a0The Academy was established on June 3, 2012 (Omaha of United States) at a right time to consider how to physically bring educators, scholars, policy makers, and professionals around the world in the fields of information technology and quantitative management together to exchange their fresh thoughts, creative ideas, research findings and business experience to further benefit humanity.[\/vc_column_text][vc_column_text]<\/p>\n<h4><\/h4>\n<p><a href=\"http:\/\/www.iaitqm.org\/\" target=\"_blank\" rel=\"noopener noreferrer\">Visit website<\/a>[\/vc_column_text][vc_separator][\/vc_column][\/vc_row]<\/p>\n<\/div>","protected":false},"excerpt":{"rendered":"<p>[vc_row][vc_column][vc_column_text] ORSDCE Workshops [\/vc_column_text][vc_column_text]Sustainable Construction &amp; Flexible Management (SC&amp;FM) is a workshop based conference\u00a0which\u00a0puts special emphasis on exchange of ideas amongst scientists\u00a0wanting to\u00a0present and consult their work with people of\u00a0similar [&hellip;]<\/p>\n","protected":false},"author":1,"featured_media":0,"parent":0,"menu_order":0,"comment_status":"closed","ping_status":"closed","template":"","meta":{"footnotes":""},"class_list":["post-111","page","type-page","status-publish","hentry"],"_links":{"self":[{"href":"https:\/\/www.euro-online.org\/websites\/orsdce\/wp-json\/wp\/v2\/pages\/111"}],"collection":[{"href":"https:\/\/www.euro-online.org\/websites\/orsdce\/wp-json\/wp\/v2\/pages"}],"about":[{"href":"https:\/\/www.euro-online.org\/websites\/orsdce\/wp-json\/wp\/v2\/types\/page"}],"author":[{"embeddable":true,"href":"https:\/\/www.euro-online.org\/websites\/orsdce\/wp-json\/wp\/v2\/users\/1"}],"replies":[{"embeddable":true,"href":"https:\/\/www.euro-online.org\/websites\/orsdce\/wp-json\/wp\/v2\/comments?post=111"}],"version-history":[{"count":45,"href":"https:\/\/www.euro-online.org\/websites\/orsdce\/wp-json\/wp\/v2\/pages\/111\/revisions"}],"predecessor-version":[{"id":596,"href":"https:\/\/www.euro-online.org\/websites\/orsdce\/wp-json\/wp\/v2\/pages\/111\/revisions\/596"}],"wp:attachment":[{"href":"https:\/\/www.euro-online.org\/websites\/orsdce\/wp-json\/wp\/v2\/media?parent=111"}],"curies":[{"name":"wp","href":"https:\/\/api.w.org\/{rel}","templated":true}]}}