{"id":8,"date":"2016-12-05T19:14:34","date_gmt":"2016-12-05T19:14:34","guid":{"rendered":"https:\/\/www.euro-online.org\/websites\/ord\/?page_id=8"},"modified":"2020-06-08T20:34:03","modified_gmt":"2020-06-08T20:34:03","slug":"about-us","status":"publish","type":"page","link":"https:\/\/www.euro-online.org\/websites\/ord\/about-us\/","title":{"rendered":"About us"},"content":{"rendered":"<div class=\"wpb-content-wrapper\"><p>[vc_row][vc_column][vc_column_text][\/vc_column_text][vc_tta_tabs][vc_tta_section i_icon_fontawesome=&#8221;fa fa-handshake-o&#8221; add_icon=&#8221;true&#8221; title=&#8221;Collaborations&#8221; tab_id=&#8221;1484306221913-6e06f5b5-f458&#8243;][vc_column_text]<span style=\"float: none;background-color: transparent;color: #333333;cursor: text;font-family: Georgia,'Times New Roman','Bitstream Charter',Times,serif;font-size: 16px;font-style: normal;font-variant: normal;font-weight: 400;letter-spacing: normal;text-align: left;text-decoration: none;text-indent: 0px\"><strong>Balaban Valley Project<\/strong> (Middle Eastern Technical University, Ankara, Turkey) at the Kirkenes Festival, Kirkenes, Yozgat, Turkey, Oct 2, 2010.<\/span><\/p>\n<p><span style=\"float: none;background-color: transparent;color: #333333;cursor: text;font-family: Georgia,'Times New Roman','Bitstream Charter',Times,serif;font-size: 16px;font-style: normal;font-variant: normal;font-weight: 400;letter-spacing: normal;text-align: left;text-decoration: none;text-indent: 0px\"><strong>Archeological and Ecovillage Project<\/strong> (Middle Eastern Technical University, Ankara, Turkey) at the Kirkenes Festival, Kirkenes, Yozgat, Turkey, Oct 2, 2010.<\/span><\/p>\n<p><span style=\"float: none;background-color: transparent;color: #333333;cursor: text;font-family: Georgia,'Times New Roman','Bitstream Charter',Times,serif;font-size: 16px;font-style: normal;font-variant: normal;font-weight: 400;letter-spacing: normal;text-align: left;text-decoration: none;text-indent: 0px\"><strong>Contributions to the <a href=\"http:\/\/www.worldwatercouncil.org\/fileadmin\/wwc\/World_Water_Forum\/WWF5\/IstanbulWaterGuide_Final_05-03-09.pdf\">5th World Water Forum<\/a><\/strong>. Participants from the Regional Meeting on Water in the Mediterranean Basin, Near East University, Northern Cyprus, Greece, Oct 9-11, 2008 collaborated and conveyed their scientific findings to the Forum under the guidance of Prof. Dr. H\u00fcseyin G\u00d6K\u00c7EKU, President Regional Meeting \/ Organizing Committee (Vice-Rector of the Near East University).<\/span>[\/vc_column_text][\/vc_tta_section][vc_tta_section i_icon_fontawesome=&#8221;fa fa-user-circle-o&#8221; add_icon=&#8221;true&#8221; title=&#8221;Publications&#8221; tab_id=&#8221;1484306221951-99e9d746-a077&#8243;][vc_column_text]<\/p>\n<h2>Refereed Journals<\/h2>\n<ul>\n<li>M. Kljajic and G.-W. Weber (guest editors), Advances in Systems, Decision Making, Collaborative Work and Learning, special issue of Organizacija (Organization &#8211; Journal of Management, Information Systems and Human Resources) 45, 5 (2012) at the occasion of 23rd Conference on System Research, Informatics and Cybernetics, Baden-Baden, Germany.<\/li>\n<li>C.S. Pedamallu, L. \u00d6zdamar, E. Kropat and G.-W. Weber, A system dynamics model for intentional transmission of HIV\/AIDS using cross impact analysis, CEJOR 20, 2 (2012) 319-336.<\/li>\n<li>C.S. Pedamallu, L. \u00d6zdamar, H. Akar, G.-W. Weber and A. \u00d6zsoy, Investigating academic performance of migrant students: a system dynamics perspective with an application to Turkey, International Journal of Production Economics 139, 2 (2012) 422-430; the special issue on Models for Compassionate Operations, J. Sarkis, guest editor.<\/li>\n<li>F.A. Crespo, C.S. Pedamallu, L. \u00d6zdamar and G.-W. Weber, EWG ORD: An experience as virtual organization, achievement and challenges, Organizacija 45,\u00a05 (September-October 2012) 228-235; in the special issue at the occasion of Recent Advances in Mathematical Prediction of Dynamics Different Assumptions on Time and Uncertainty, InterSymp&#8217;2011 (Baden-Baden, Germany, 2011).<\/li>\n<\/ul>\n<h2>Working Papers<\/h2>\n<ul>\n<li>Makarenko, A. S. Formal Definition, System Analysis and Simulation of Sustainable Development, Presented at the EWG-ORD 2018 Workshop, Madrid, Spain, July 5-6, 2018. <a href=\"https:\/\/drive.google.com\/file\/d\/0BxZ-OzytN-HkODhxREVpc2FsbmVKUVBRZ09oREc2aW5hTTBz\/view?usp=sharing\">Download.<\/a><\/li>\n<\/ul>\n<h2>Reports<\/h2>\n<h3>2015<\/h3>\n<ul>\n<li>M. Kljajic and G.-W. Weber, Recent Advances in Simulation based decision making in business process, special issue in Organizacija (Organization &#8211; Journal of Managment, Information Systems and Human Resources) 48, 3 (2015), 143-213.<\/li>\n<li>D. DeTombe and G.-W. Weber, An Emerging Field in Operational Research: Methodology of Societal Complexity &#8211; with a Note on Operational Research and Development, International IFNA-ANS Journal &#8220;Problems of Nonlinear Analysis in Engineering Systems&#8221; No.1(43), vol.21 (2015) 36-48 (in English); and No.1(43), vol.21 (2015) 49-62 (in Russian).<\/li>\n<li>M. Kljajic and G.-W. Weber, Preface, in: Recent Advances in Simulation based decision making in business process, special issue in Organizacija (Organization &#8211; Journal of Management, Information Systems and Human Resources) 48, 3 (2015) 143-144.<\/li>\n<li>L. Lotero, E. del Rosario and G.-W. Weber, EURO 2015: Showcase of the<br \/>\nContinuing Relevance of OR, International IFNA-ANS Journal Problems of Nonlinear Analysis in Engineering Systems&#8221;, No 2(44), vol. 21 (2015) 182-185 (in English).<\/li>\n<li>L. Lotero, E. del Rosario and G.-W. Weber, EURO 2015: Showcase of the<br \/>\nContinuing Relevance of OR, International IFNA-ANS Journal, Problems of Nonlinear Analysis in Engineering Systems, No 2(44), vol. 21 (2015) 186-189 (in Russian).<\/li>\n<\/ul>\n<h3>2012<\/h3>\n<ul>\n<li>J. Kuhuk, K. Pereverza, B. Pukalskyy, M. Dushenok and G.-W. Weber, A Different Kind of a Summer School, IFORS News 6, 1 (March 2012) 12-13.<\/li>\n<li>S. Ulusam Seckiner and G.-W. Weber, Antalya hosts the 25th Conference of European Chapter on Combinatorial Optimization, IFORS News 6, 2 (June 2012) 6-7.<\/li>\n<li>K. Pereverza and G.-W. Weber, A Different Kind of A Summer School, OR News (German OR Society) 45 (July 2012) 52.<\/li>\n<li>S. Ulusam Seckiner and G.-W. Weber, &#8220;Turkish Days&#8221; of Operational Research in Antalya, The 25th Conference on Combinatorial Optimization &#8212; A fascinating place for the ECCO&#8217;s Annual Conference in Combinatorial Optimization, OR News (German OR Society) 45 (July 2012) 78-79.<\/li>\n<li>K. Bakhrankova and G.-W. Weber, EURO 2012 Highlights Role of OR in &#8220;Connecting Sciences&#8221;, IFORS News 6, 3 (September 2012) 8-10.<\/li>\n<li>H. Smith and G.-W. Weber, Workshop Tackles Development Amid Economic Crises, IFORS News 6, 3 (September 2012) 13.<\/li>\n<li>N. Nikitina and G.-W. Weber, NGM 2012: A Learning and Networking Experience, IFORS News 6, 3 (September 2012) 19.<\/li>\n<li>A. Ruziyeva and G.-W. Weber, Smoothly Run: Conference on Nonsmooth Optimization, IFORS News 6, 3 (September 2012) 19-20.<\/li>\n<li>N. Nikitina and G.-W. Weber, Network Games and Management, Petrozavodsk, Russia, June 30 &#8211; July 2, 2012, OR News 46 (November<br \/>\n2012) 38.<\/li>\n<li>K. Bakhrankova and G.-W. Weber, EURO XXV 2012 Conference OR Connecting Sciences, July 8-11, 2012, Vilnius, Lithuania, OR News 46<br \/>\n(November 2012) 56-59.<\/li>\n<li>H. Smith and G.-W. Weber, OR for Developing Countries: Times of Economic, Vilnius, Lithuania, July 7, 2012, OR News 46 (November 2012) 60-61.<\/li>\n<li>G.-W. Weber and C.-H. Su, Academic Visit on OR Friendship at National Taiwan University, Taipei, to appear in IFORS News 6, 4 (December 2012).<\/li>\n<\/ul>\n<h2>Bulletins<\/h2>\n<ul>\n<li>M. Zgurovsky, K. Yefremov, K. Ilchenko and G.-W. Weber, WDC-Ukraine Projects to foster Global Sustainable Development Supported by Operational Research, OR News 54 (July 2015) 34-35.<\/li>\n<li>L. Lotero, O. Kocadagli and G.-W. Weber, OR People Make EURO: Glasgow Hosts 27th EURO Conference, IFORS News 9, (September 2015) 3-4.<\/li>\n<li>M. Baldemor, E. Nababan, S. Ngatasi Sitepu and G.-W. Weber, OR in Indonesia Continues to Take Root, IFORS News 9, (December 2015) 4-6.<\/li>\n<li>S. Yaremchuk, J. Kuhuk, L. Pavlenko, Y. Rud, K. Pereverza and G.-W. Weber, Growing OR with Help from the international Community, OR News 9, (December 2015) 4-9.<\/li>\n<li>N. Kajiji, G. Gash and G.-W. Weber, A second look at Uplifting Living Conditions, OR News 9, (December 2015) 12-13.<\/li>\n<\/ul>\n<p>[\/vc_column_text][\/vc_tta_section][vc_tta_section i_icon_fontawesome=&#8221;fa fa-users&#8221; add_icon=&#8221;true&#8221; title=&#8221;Board Members&#8221; tab_id=&#8221;1484306367040-bd699fad-5386&#8243;][vc_column_text]<\/p>\n<h1>Advisory Board<\/h1>\n<p>Subhash Datta, Ph.D., Centre for Inclusive Growth and Sustainable Development, Gurgaon, India<br \/>\nProf. Dorien DeTombe, Ph.D., Delft University of Technology, Amsterdam, Netherlands<br \/>\nProf. Gustav Feichtinger, Ph.D., Vienna University of Technology, Vienna, Austria<br \/>\nProf. Ali Gokmen, Ph.D., Middle East Technical University, Ankara, Turkey<br \/>\nMr. Hans Ittmann, The Institute of Transport and Logistics Studies, Johannesburg, South Africa<br \/>\nProf. Jonathan Rosenhead, Ph.D., London School of Economics and Political Science, London, United Kingdom<br \/>\nProf. Theo Stewart, Ph.D., University of Cape Town, Cape Town, South Africa<br \/>\nProf. Alexis Tsoukias, Ph.D., University of Paris-Dauphine, Paris, France<br \/>\nProf. Luk Van Wassenhove, Ph.D., INSEAD, Paris, France<\/p>\n<h1>Managing Board<\/h1>\n<p>Prof. Fernando Crespo, Ph.D., Pontifical Catholic University of Chile, Chile<br \/>\nProf. Gordon H. Dash, Ph.D., (<strong>co-Chair<\/strong>), University of Rhode Island, USA<br \/>\nElise A. del Rosario, (<strong>Honorary Chair<\/strong>), One Small Step Forward Foundation, Inc. Philippines<br \/>\nProf. Nina Kajiji, Ph.D., (<strong>co-Chair<\/strong>), The NKD Group, Inc. &amp; University of Rhode Island, USA<br \/>\nProf. Youssef Masmoudi, Ph.D., University of Sfax, Tunisia<br \/>\nClaudia C. Rave, Ph.D., Gobernacion de Antioquia, Columbia<br \/>\nPedamallu Chandra Sekhar, Ph.D., Sanofi, Massachusetts, USA<br \/>\nProf. Honora Smith, Ph.D., University of Southampton, UK<br \/>\nProf. Begona Vitoriano Villanueva, Ph.D., Universidad Complutense de Madrid, Spain<br \/>\nProf. Gerhard Wilhelm Weber, Ph.D. (<strong>Honorary Chair<\/strong>), Poznan University of Technology, Poland<br \/>\nProf. Leroy White, Ph.D., University of Bristol, UK[\/vc_column_text][\/vc_tta_section][\/vc_tta_tabs][\/vc_column][\/vc_row]<\/p>\n<\/div>","protected":false},"excerpt":{"rendered":"<p>[vc_row][vc_column][vc_column_text][\/vc_column_text][vc_tta_tabs][vc_tta_section i_icon_fontawesome=&#8221;fa fa-handshake-o&#8221; add_icon=&#8221;true&#8221; title=&#8221;Collaborations&#8221; tab_id=&#8221;1484306221913-6e06f5b5-f458&#8243;][vc_column_text]Balaban Valley Project (Middle Eastern Technical University, Ankara, Turkey) at the Kirkenes Festival, Kirkenes, Yozgat, Turkey, Oct 2, 2010. Archeological and Ecovillage Project (Middle Eastern [&hellip;]<\/p>\n","protected":false},"author":1,"featured_media":0,"parent":0,"menu_order":0,"comment_status":"closed","ping_status":"closed","template":"","meta":{"footnotes":""},"class_list":["post-8","page","type-page","status-publish","hentry"],"_links":{"self":[{"href":"https:\/\/www.euro-online.org\/websites\/ord\/wp-json\/wp\/v2\/pages\/8"}],"collection":[{"href":"https:\/\/www.euro-online.org\/websites\/ord\/wp-json\/wp\/v2\/pages"}],"about":[{"href":"https:\/\/www.euro-online.org\/websites\/ord\/wp-json\/wp\/v2\/types\/page"}],"author":[{"embeddable":true,"href":"https:\/\/www.euro-online.org\/websites\/ord\/wp-json\/wp\/v2\/users\/1"}],"replies":[{"embeddable":true,"href":"https:\/\/www.euro-online.org\/websites\/ord\/wp-json\/wp\/v2\/comments?post=8"}],"version-history":[{"count":56,"href":"https:\/\/www.euro-online.org\/websites\/ord\/wp-json\/wp\/v2\/pages\/8\/revisions"}],"predecessor-version":[{"id":624,"href":"https:\/\/www.euro-online.org\/websites\/ord\/wp-json\/wp\/v2\/pages\/8\/revisions\/624"}],"wp:attachment":[{"href":"https:\/\/www.euro-online.org\/websites\/ord\/wp-json\/wp\/v2\/media?parent=8"}],"curies":[{"name":"wp","href":"https:\/\/api.w.org\/{rel}","templated":true}]}}