{"id":111,"date":"2017-02-02T12:16:59","date_gmt":"2017-02-02T12:16:59","guid":{"rendered":"https:\/\/www.euro-online.org\/websites\/ord\/?page_id=111"},"modified":"2020-06-08T20:38:55","modified_gmt":"2020-06-08T20:38:55","slug":"resource-links","status":"publish","type":"page","link":"https:\/\/www.euro-online.org\/websites\/ord\/resource-links\/","title":{"rendered":"Resource Links"},"content":{"rendered":"<div class=\"wpb-content-wrapper\"><p>[vc_row][vc_column][vc_column_text]<\/p>\n<h3 style=\"text-align: center\">Collaborations<\/h3>\n<p><span style=\"float: none;background-color: transparent;color: #333333;cursor: text;font-family: Georgia,'Times New Roman','Bitstream Charter',Times,serif;font-size: 16px;font-style: normal;font-variant: normal;font-weight: 400;letter-spacing: normal;text-align: left;text-decoration: none;text-indent: 0px\"><strong>Balaban Valley Project<\/strong> (Middle Eastern Technical University, Ankara, Turkey) at the Kirkenes Festival, Kirkenes, Yozgat, Turkey, Oct 2, 2010.<\/span><\/p>\n<p><span style=\"float: none;background-color: transparent;color: #333333;cursor: text;font-family: Georgia,'Times New Roman','Bitstream Charter',Times,serif;font-size: 16px;font-style: normal;font-variant: normal;font-weight: 400;letter-spacing: normal;text-align: left;text-decoration: none;text-indent: 0px\"><strong>Archeological and Ecovillage Project<\/strong> (Middle Eastern Technical University, Ankara, Turkey) at the Kirkenes Festival, Kirkenes, Yozgat, Turkey, Oct 2, 2010.<\/span><\/p>\n<p><span style=\"float: none;background-color: transparent;color: #333333;cursor: text;font-family: Georgia,'Times New Roman','Bitstream Charter',Times,serif;font-size: 16px;font-style: normal;font-variant: normal;font-weight: 400;letter-spacing: normal;text-align: left;text-decoration: none;text-indent: 0px\"><strong>Contributions to the <a href=\"http:\/\/www.worldwatercouncil.org\/fileadmin\/wwc\/World_Water_Forum\/WWF5\/IstanbulWaterGuide_Final_05-03-09.pdf\">5th World Water Forum<\/a><\/strong>. Participants from the Regional Meeting on Water in the Mediterranean Basin, Near East University, Northern Cyprus, Greece, Oct 9-11, 2008 collaborated and conveyed their scientific findings to the Forum under the guidance of Prof. Dr. H\u00fcseyin G\u00d6K\u00c7EKU, President Regional Meeting \/ Organizing Committee (Vice-Rector of the Near East University).<\/span><\/p>\n<h3 style=\"text-align: center\">Resources for OR Development Researcher<\/h3>\n<ul>\n<li><strong>IFORS Developing Countries OR Resources Website:\u00a0<\/strong>The website provides online resources that would be particularly helpful for research in OR for Development. For example, other research articles, software, MOOCs, and more.\u00a0\u00a0<a href=\"http:\/\/ifors.org\/developing_countries\/index.php?title=Main_Page\">Visit website.<\/a><\/li>\n<li><strong>A Guide to Academic Writing:<\/strong>\u00a0 Article provides building blocks for academic writing in the field of Information systems. \u00a0 <a href=\"https:\/\/drive.google.com\/file\/d\/1h-09L-f6XeuFLfGVMvApK2nUhicIz4gY\/view?usp=sharing\">Click here to download the article<\/a>.<\/li>\n<\/ul>\n<h3 style=\"text-align: center\">Special Issue Journal<\/h3>\n<p>A special issue of the Central European Journal of Operations Research on &#8220;<em>OR for Sustainable Development: Establishing Policy and Measuring Goal Attainment&#8221;<\/em> at the occasion of the EWG-ORD 2018 Workshop. Forthcoming.<\/p>\n<p>&nbsp;<\/p>\n<p>[\/vc_column_text][\/vc_column][\/vc_row]<\/p>\n<p>&nbsp;<\/p>\n<p>&nbsp;<\/p>\n<\/div>","protected":false},"excerpt":{"rendered":"<p>[vc_row][vc_column][vc_column_text] Collaborations Balaban Valley Project (Middle Eastern Technical University, Ankara, Turkey) at the Kirkenes Festival, Kirkenes, Yozgat, Turkey, Oct 2, 2010. Archeological and Ecovillage Project (Middle Eastern Technical University, Ankara, [&hellip;]<\/p>\n","protected":false},"author":1,"featured_media":0,"parent":0,"menu_order":0,"comment_status":"closed","ping_status":"closed","template":"","meta":{"footnotes":""},"class_list":["post-111","page","type-page","status-publish","hentry"],"_links":{"self":[{"href":"https:\/\/www.euro-online.org\/websites\/ord\/wp-json\/wp\/v2\/pages\/111"}],"collection":[{"href":"https:\/\/www.euro-online.org\/websites\/ord\/wp-json\/wp\/v2\/pages"}],"about":[{"href":"https:\/\/www.euro-online.org\/websites\/ord\/wp-json\/wp\/v2\/types\/page"}],"author":[{"embeddable":true,"href":"https:\/\/www.euro-online.org\/websites\/ord\/wp-json\/wp\/v2\/users\/1"}],"replies":[{"embeddable":true,"href":"https:\/\/www.euro-online.org\/websites\/ord\/wp-json\/wp\/v2\/comments?post=111"}],"version-history":[{"count":31,"href":"https:\/\/www.euro-online.org\/websites\/ord\/wp-json\/wp\/v2\/pages\/111\/revisions"}],"predecessor-version":[{"id":626,"href":"https:\/\/www.euro-online.org\/websites\/ord\/wp-json\/wp\/v2\/pages\/111\/revisions\/626"}],"wp:attachment":[{"href":"https:\/\/www.euro-online.org\/websites\/ord\/wp-json\/wp\/v2\/media?parent=111"}],"curies":[{"name":"wp","href":"https:\/\/api.w.org\/{rel}","templated":true}]}}