{"id":672,"date":"2020-11-05T13:36:36","date_gmt":"2020-11-05T13:36:36","guid":{"rendered":"https:\/\/www.euro-online.org\/websites\/or-in-practice\/?page_id=672"},"modified":"2020-11-20T15:56:53","modified_gmt":"2020-11-20T15:56:53","slug":"ewg-por-2020-challenges-in-the-deployment-of-or-projects","status":"publish","type":"page","link":"https:\/\/www.euro-online.org\/websites\/or-in-practice\/ewg-por-2020-challenges-in-the-deployment-of-or-projects\/","title":{"rendered":"EWG-POR 2020: Challenges in the deployment of OR projects"},"content":{"rendered":"\n<figure class=\"wp-block-image size-large\"><img loading=\"lazy\" decoding=\"async\" width=\"1024\" height=\"537\" src=\"https:\/\/www.euro-online.org\/websites\/or-in-practice\/wp-content\/uploads\/sites\/8\/2020\/11\/sandart4-1024x537.png\" alt=\"\" class=\"wp-image-698\" srcset=\"https:\/\/www.euro-online.org\/websites\/or-in-practice\/wp-content\/uploads\/sites\/8\/2020\/11\/sandart4-1024x537.png 1024w, https:\/\/www.euro-online.org\/websites\/or-in-practice\/wp-content\/uploads\/sites\/8\/2020\/11\/sandart4-300x157.png 300w, https:\/\/www.euro-online.org\/websites\/or-in-practice\/wp-content\/uploads\/sites\/8\/2020\/11\/sandart4-768x402.png 768w, https:\/\/www.euro-online.org\/websites\/or-in-practice\/wp-content\/uploads\/sites\/8\/2020\/11\/sandart4-1536x805.png 1536w, https:\/\/www.euro-online.org\/websites\/or-in-practice\/wp-content\/uploads\/sites\/8\/2020\/11\/sandart4.png 1918w\" sizes=\"(max-width: 1024px) 100vw, 1024px\" \/><\/figure>\n\n\n\n<p>Originally scheduled to take place on 19-20 March at Zuse Institute Berlin, Germany, the third meeting of the EURO Working Group on the Practice of OR was postponed to September due to the COVID pandemic. It has finally been held as an online meeting, hosted by ZIB and FICO, restructured as two half day sessions on the 28th and 29th September followed by a series of one hour webinars every Monday from the 5th October to 2nd November.<\/p>\n\n\n\n<p>Making this meeting a virtual event was an opportunity for attendees from further afield. The total registration for the event was 356 with peak numbers on the first day of 175 and 126 on the second day. Accounting for people dipping in and out, we estimate over 200 attendees for the first two days. The sessions on the 28th and 29th September comprised keynote talks and parallel discussion groups, with each day ending with a social event. The webinar series had two contributed talks in each session. All of the talks gave fascinating insights into the successes and challenges faced when deploying OR projects. Although possibilities for interaction with speakers and other attendees were obviously more limited compared with physical meetings all talks gave rise to a number of comments and questions from participants showing a lively interest in the presented topics.<\/p>\n\n\n\n<h2 class=\"wp-block-heading\">Links to recordings<\/h2>\n\n\n\n<ul class=\"wp-block-list\"><li><a href=\"https:\/\/www.youtube.com\/playlist?list=PLYWmzh0Y6EOZJ0QXjvF_7orv1UZOUznfO\">Keynote talks<\/a><\/li><li><a href=\"https:\/\/www.youtube.com\/playlist?list=PLYWmzh0Y6EOb-mAY9Vlh8bbrUUW4SEDaj\">Webinar talks<\/a><\/li><li><a href=\"https:\/\/youtu.be\/PulcZV7PGNE\">Sand Art performance<\/a><\/li><\/ul>\n\n\n\n<h2 class=\"wp-block-heading\">Links to PDFs<\/h2>\n\n\n\n<h3 class=\"wp-block-heading\">Keynote talks<\/h3>\n\n\n\n<p>A. Zymolka (Qontigo): <a href=\"https:\/\/www.euro-online.org\/websites\/or-in-practice\/ewgpor_2020_zymolka\/\"><em>Optimization in Finance &#8211; Practice and Challenges<\/em><\/a><br>C. Silvester (Uniper): <a href=\"https:\/\/www.euro-online.org\/websites\/or-in-practice\/ewgpor_2020_silvester\/\"><em>Delivering OR Solutions for Everyday Operations in Energy Trading<\/em><\/a><br>R. Werner (Open Grid Europe): <em>Operations Research supporting Germany&#8217;s energy transition<\/em><br>B. Sal (DPDHL Group): <a href=\"https:\/\/www.euro-online.org\/websites\/or-in-practice\/ewgpor_2020_sal\/\"><em>Putting Operations Research into Operations in Deutsche Post DHL Group<\/em><\/a><br>S. Klosterhalfen (BASF): <a href=\"https:\/\/www.euro-online.org\/websites\/or-in-practice\/ewgpor_2020_klosterhalfen\/\"><em>Successful value chain optimization at a chemical company<\/em><\/a><\/p>\n\n\n\n<h3 class=\"wp-block-heading\">Discussion groups summaries<\/h3>\n\n\n\n<p>Topic 1: <a href=\"https:\/\/www.euro-online.org\/websites\/or-in-practice\/ewgpor_2020_dg1_change_management\/\"><em>Change management issues in practical projects<\/em><\/a><br>Topic 2: <a href=\"https:\/\/www.euro-online.org\/websites\/or-in-practice\/ewgpor_2020_dg2_promotion_of_or\/\"><em>Promotion of OR<\/em><\/a><br>Topic 3: <a href=\"https:\/\/www.euro-online.org\/websites\/or-in-practice\/ewgpor_2020_dg3_project_requirements\/\"><em>Stating requirements and project specifications<\/em><\/a><br>Topic 4: <a href=\"\/Users\/BJRNTH~1\/AppData\/Local\/Temp\/EWGPOR_2020_DG4_Academia_Industry.pdf\"><em>Relationship\/collaboration between academia and industry<\/em><\/a><\/p>\n\n\n\n<h3 class=\"wp-block-heading\">Webinar talks<\/h3>\n\n\n\n<ul class=\"wp-block-list\"><li><strong>5 October, 2020<\/strong><br>M. Pozzi (Optit): <a href=\"https:\/\/www.euro-online.org\/websites\/or-in-practice\/ewgpor_5oct2020_pozzi\/\"><em>When the &#8220;world of ideas&#8221; meets the ground: Stories of applied Operations Research (and Machine Learning) in real life<\/em><\/a><br>S. Griffioen (Netherlands Railways): <a href=\"https:\/\/www.euro-online.org\/websites\/or-in-practice\/ewgpor_5oct2020_griffioen\/\"><em>Optimizing seating probability in passenger trains<\/em><\/a><\/li><li><strong>12 October, 2020<\/strong><br>E. Cakici (IBM): <a href=\"https:\/\/www.euro-online.org\/websites\/or-in-practice\/ewgpor_12oct2020_cakici\/\"><em>\u00c7IMSA End-to-End Sales and Operations Planning<\/em><\/a><br>M. de With (OrTec): <a href=\"https:\/\/www.euro-online.org\/websites\/or-in-practice\/ewgpor_12oct2020_dewith\/\"><em>Creating an employee planning application that can be trusted<\/em><\/a><\/li><li><strong>19 October, 2020<\/strong><br>M. G\u00fcnther (Stadtwerke M\u00fcnchen): <em>Implementation and Operation of a Gas Market Model at Stadtwerke M\u00fcnchen<\/em> (PDF: please contact the author: guenther.maik@swm.de)<br>G. Ayres de Castro (SAP): <a href=\"https:\/\/www.euro-online.org\/websites\/or-in-practice\/ewgpor_19oct2020_ayresdecastro\/\"><em>A Framework for Extending SAP IBP&#8217;s Optimization Capabilities with FICO Xpress<\/em><\/a><\/li><li><strong>26 October, 2020<\/strong><br>M. Moullin (Public Sector Scorecard Research Unit): <a href=\"https:\/\/www.euro-online.org\/websites\/or-in-practice\/ewgpor_26oct2020_moullin\/\"><em>From snow ploughs to child obesity &#8211; Overcoming challenges in the deployment of OR projects in the public sector<\/em><\/a><br>M. Brandeau (Standford University): <a href=\"https:\/\/www.euro-online.org\/websites\/or-in-practice\/ewgpor_26oct2020_brandeau\/\"><em>Analytical Projects at Lucile Packard Children&#8217;s Hospital Stanford: Successes, failures, and opportunities<\/em><\/a><\/li><li><strong>2 November, 2020<\/strong><br>Z. Balaporia (FICO): <a href=\"https:\/\/www.euro-online.org\/websites\/or-in-practice\/ewgpor_2nov2020_balaporia\/\"><em>Conquering the &#8216;Last Mile&#8217; and &#8216;Extra Mile&#8217; of Implementing Optimization Projects<\/em><\/a><br>T. Schlechte (LBW Optimization): <a href=\"https:\/\/www.euro-online.org\/websites\/or-in-practice\/ewgpor_2nov2020_schlechte\/\"><em>Trust is good, optimal control tours are better!<\/em><\/a><\/li><\/ul>\n\n\n\n<figure class=\"wp-block-image size-large\"><img loading=\"lazy\" decoding=\"async\" width=\"726\" height=\"921\" src=\"https:\/\/www.euro-online.org\/websites\/or-in-practice\/wp-content\/uploads\/sites\/8\/2019\/07\/poster_berlin_2.jpg\" alt=\"\" class=\"wp-image-652\" srcset=\"https:\/\/www.euro-online.org\/websites\/or-in-practice\/wp-content\/uploads\/sites\/8\/2019\/07\/poster_berlin_2.jpg 726w, https:\/\/www.euro-online.org\/websites\/or-in-practice\/wp-content\/uploads\/sites\/8\/2019\/07\/poster_berlin_2-236x300.jpg 236w\" sizes=\"(max-width: 726px) 100vw, 726px\" \/><\/figure>\n","protected":false},"excerpt":{"rendered":"<p>Originally scheduled to take place on 19-20 March at Zuse Institute Berlin, Germany, the third meeting of the EURO Working Group on the Practice of OR was postponed to September [&hellip;]<\/p>\n","protected":false},"author":11,"featured_media":653,"parent":0,"menu_order":0,"comment_status":"closed","ping_status":"closed","template":"","meta":{"footnotes":""},"class_list":["post-672","page","type-page","status-publish","has-post-thumbnail","hentry"],"_links":{"self":[{"href":"https:\/\/www.euro-online.org\/websites\/or-in-practice\/wp-json\/wp\/v2\/pages\/672"}],"collection":[{"href":"https:\/\/www.euro-online.org\/websites\/or-in-practice\/wp-json\/wp\/v2\/pages"}],"about":[{"href":"https:\/\/www.euro-online.org\/websites\/or-in-practice\/wp-json\/wp\/v2\/types\/page"}],"author":[{"embeddable":true,"href":"https:\/\/www.euro-online.org\/websites\/or-in-practice\/wp-json\/wp\/v2\/users\/11"}],"replies":[{"embeddable":true,"href":"https:\/\/www.euro-online.org\/websites\/or-in-practice\/wp-json\/wp\/v2\/comments?post=672"}],"version-history":[{"count":6,"href":"https:\/\/www.euro-online.org\/websites\/or-in-practice\/wp-json\/wp\/v2\/pages\/672\/revisions"}],"predecessor-version":[{"id":701,"href":"https:\/\/www.euro-online.org\/websites\/or-in-practice\/wp-json\/wp\/v2\/pages\/672\/revisions\/701"}],"wp:featuredmedia":[{"embeddable":true,"href":"https:\/\/www.euro-online.org\/websites\/or-in-practice\/wp-json\/wp\/v2\/media\/653"}],"wp:attachment":[{"href":"https:\/\/www.euro-online.org\/websites\/or-in-practice\/wp-json\/wp\/v2\/media?parent=672"}],"curies":[{"name":"wp","href":"https:\/\/api.w.org\/{rel}","templated":true}]}}