{"id":336,"date":"2018-01-19T09:38:45","date_gmt":"2018-01-19T09:38:45","guid":{"rendered":"https:\/\/www.euro-online.org\/websites\/dss\/?page_id=336"},"modified":"2025-06-29T07:18:06","modified_gmt":"2025-06-29T07:18:06","slug":"publications","status":"publish","type":"page","link":"https:\/\/www.euro-online.org\/websites\/dss\/publications\/","title":{"rendered":"Publications"},"content":{"rendered":"<div class=\"wpb-content-wrapper\"><p>[vc_row][vc_column][vc_column_text css=&#8221;&#8221;]<\/p>\n<h2 style=\"text-align: left\"><span style=\"text-decoration: underline\"><a title=\"EWG-DSS official publications\" href=\"http:\/\/ewgdss.files.wordpress.com\/2013\/01\/2012-approved-ewg-dss-official-publications.pdf\" target=\"_blank\" rel=\"noopener\"><span style=\"color: #0000ff;text-decoration: underline\"><span style=\"color: #000000;text-decoration: underline\"><span style=\"color: #800000;text-decoration: underline\">EWG-DSS official Publications<\/span><\/span><\/span><\/a><\/span><\/h2>\n<p>The EWG-DSS is pleased to announce its official publications. Click <span style=\"text-decoration: underline\"><a href=\"http:\/\/ewgdss.files.wordpress.com\/2013\/01\/2012-approved-ewg-dss-official-publications.pdf\" target=\"_blank\" rel=\"noopener\">here <\/a><\/span>for details.<\/p>\n<h3 class=\"title\">Acknowledgement for EWG-DSS Publications<\/h3>\n<div id=\"content-content\" class=\"content-content\">\n<div id=\"node-9\" class=\"node odd full-node node-type-page\">\n<div class=\"inner\">\n<div class=\"content clearfix\">\n<p>Standard Acknowledgement for EWG-DSS Publications:<\/p>\n<ul>\n<li style=\"list-style-type: none\">\n<ul>\n<li>For works at least partially inspired by exchanges fostered by an EWG-DSS or benefiting from the coordination provided by an EWG-DSS event, or for works co-authored by EWG-DSS\u00a0 members, or works that publish outputs of\u00a0 EWG-DSS\u00a0 projects, the EWG-DSS members \/ authors\u00a0 should choose from the following text below to use in the acknowledgements section of their publications:\n<ul>\n<li><i>The author(s) would like to acknowledge the contribution of the EWG-DSS in the inspiration (or development) of the current work.<\/i><\/li>\n<li><i>The author(s) would like to acknowledge the collaboration and networking support of the EWG-DSS.<\/i><\/li>\n<li><i>The development of this work was inspired and supported by an EWG-DSS project.<\/i><\/li>\n<\/ul>\n<\/li>\n<\/ul>\n<\/li>\n<\/ul>\n<\/div>\n<\/div>\n<\/div>\n<\/div>\n<h2><span style=\"color: #000000\">\u00a0<strong>EWG-DSS Selected Publications:<\/strong><\/span><\/h2>\n<ul>\n<li><a href=\"https:\/\/link.springer.com\/book\/10.1007\/978-3-031-90863-7\">LNBIP 546<\/a> &#8220;Decision Support Systems XV. Decision Support System Technology in the AI Era&#8221;.\u00a0 Editors: Boris Deliba\u0161i\u0107, Sandro Radovanovi\u0107, Pavlos Delias, Shaofeng Liu, S\u00e9rgio Pedro Duarte. 11th International Conference on Decision Support System Technology, ICDSST 2025, Belgrade, Serbia, May 26\u201329, 2025, Proceedings.<\/li>\n<li><a href=\"https:\/\/link.springer.com\/book\/10.1007\/978-3-031-59376-5\">LNBIP 506<\/a> &#8220;Decision Support Systems XIV. Human-Centric Group Decision, Negotiation and Decision Support Systems for Societal Transitions&#8221;. Editors: S\u00e9rgio Pedro Duarte, Ant\u00f3nio Lobo, Boris Deliba\u0161i\u0107, Daouda Kamissoko. 10th International Conference on Decision Support System Technology, ICDSST 2024, Porto, Portugal, June 3\u20135, 2024, Proceedings.<\/li>\n<li><a href=\"https:\/\/link.springer.com\/book\/10.1007\/978-3-031-32534-2\">LNBIP 474<\/a> &#8220;Decision Support Systems XIII. Decision Support Systems in An Uncertain World: The Contribution of Digital Twins&#8221;. Editors: Shaofeng Liu, Pascale Zarat\u00e9, Daouda Kamissoko, Isabelle Linden, Jason Papathanasiou. 9th International Conference on Decision Support System Technology, ICDSST 2023, Albi, France, May 30 \u2013 June 1, 2023, Proceedings.<\/li>\n<li><a href=\"https:\/\/link.springer.com\/book\/10.1007\/978-3-031-06530-9\">LNBIP 447<\/a> &#8220;Decision Support Systems XII: Decision Support Addressing Modern Industry, Business, and Societal Needs&#8221;. Editors: Ana Paula Cabral Seixas Costa, Jason Papathanasiou, Uchitha Jayawickrama, Daouda Kamissoko. 8th International Conference on Decision Support System Technology, ICDSST 2022, Thessaloniki, Greece, May 23\u201325, 2022, Proceedings.<\/li>\n<li><a href=\"https:\/\/link.springer.com\/book\/10.1007\/978-3-030-73976-8\">LNBIP 414<\/a> &#8220;Decision Support Systems XI: Decision Support Systems, Analytics and Technologies in Response to Global Crisis Management&#8221; Editors:<br \/>\nUchitha Jayawickrama, Pavlos Delias, Mar\u00eda Teresa Escobar, Jason Papathanasiou. 7th International Conference on Decision Support System Technology, ICDSST 2021, Loughborough, UK, May 26\u201328, 2021, Proceedings.<\/li>\n<li><a href=\"https:\/\/link.springer.com\/book\/10.1007\/978-3-030-46224-6#about\" target=\"_blank\" rel=\"noopener\">LNBIP 384<\/a> &#8220;Decision Support Systems X: Cognitive Decision Support Systems and Technologies&#8221; (2020), Editors: Moreno-Jim\u00e9nez, J.M., Linden, I., Dargam, F., Jayawickrama, U. Proceedings of the 6th International Conference on Decision Support System Technology, ICDSST 2020, Zaragoza, Spain, May 27\u201329, 2020. Published by Springer in Lecture Notes in Business Information Processing (LNBIP), volume 384. ISBN: 978-3-030-46223-9, 2020.<\/li>\n<li>IJDSST 13(1)- Special Issue on \u201c<a href=\"https:\/\/www.igi-global.com\/pdf.aspx?tid%3D267156%26ptid%3D254080%26ctid%3D15%26t%3DSpecial%20Issue%20on%20AI%20for%20Intelligent%20Decision%20Support%20Systems&amp;isxn=null\">AI for Intelligent Decision Support Systems<\/a>\u201d in the IJDSST International Journal of Decision Support System Technology with full papers presented in the EmC-ICDSST 2019. Guest Editors: B. Delibasic, S. Radovanovic, U. Jayawickrama.<\/li>\n<li style=\"text-align: justify\">Springer Book (ISIS) &#8211; EWG-DSS 30 Years Anniversary Special Edition, Topic: \u201cEWG-DSS 30 Years: A tour on the DSS developments over the last 30 years\u201d. Guest Editors: J. Papathanasiou, P. Zarat\u00e9, J.F. Sousa. To appear (2020).<\/li>\n<li><a href=\"https:\/\/link.springer.com\/book\/10.1007\/978-3-030-18819-1#about\" target=\"_blank\" rel=\"noopener\">LNBIP 348<\/a> &#8220;Decision Support Systems IX: Main Developments and Future Trends&#8221; (2019), Editors: Paulo S\u00e9rgio Abreu Freitas, Fatima Dargam, Jos\u00e9 Maria Moreno. Proceedings of the 5th International Conference on Decision Support System Technology, EmC-ICDSST 2019, Funchal, Madeira, Portugal, May 27\u201329, 2019. Published by Springer in Lecture Notes in Business Information Processing (LNBIP), volume 348. ISBN: 978-3-030-18818-4, 2019.<\/li>\n<li>LNBIP 313 <em>\u201cDecision Support Systems VIII \u2013<\/em> <em>Sustainable Data-Driven and Evidence-Based Decision Support\u201d <\/em>(2018). Editors: Fatima Dargam, Pavlos Delias, Isabelle Linden, and Bertrand Mareschal. Published by Springer in Lecture Notes in Business Information Processing (LNBIP), volume 313. ISBN: 978-3-319-90314-9, 2018.<\/li>\n<li style=\"text-align: justify\">LNBIP 282 <em>\u201cDecision Support Systems VII \u2013<\/em> <em>Data, Information and Knowledge Visualization in Decision Support Systems\u201d <\/em>(2017). Editors: Isabelle Linden, Shaofeng Liu, and Christian Colot. Published by Springer in Lecture Notes in Business Information Processing (LNBIP), volume 282. ISBN: 978-3-319-57487-5, 2017.<\/li>\n<li style=\"text-align: justify\">LNBIP 250 <em>\u201cDecision Support Systems VI \u2013<\/em> <em>Addressing Sustainability and Societal Challenges\u201d<\/em> (2016). Editors: Shaofeng Liu, Boris Delibasic, and Festus Oderanti. Published by Springer in Lecture Notes in Business Information Processing (LNBIP), volume 250. ISBN: 978-3-319-32876-8, 2016.<\/li>\n<li style=\"text-align: justify\"><a href=\"http:\/\/link.springer.com\/journal\/40070\" target=\"_blank\" rel=\"noopener\">EJDP &#8211; EURO Journal on Decision Processes, Special Issue on Collaborative Decision Processes and Analysis<\/a>, Volume 3, Issue 3-4, November 2015,\u00a0 (pp 215-374) Issue Editors:\u00a0 Pascale Zarat\u00e9, Fatima Dargam, ISSN: 2193-9438 (Print) 2193-9446 (Online). 2015. [Following the GDN 2014 a Feature Issue on &#8220;Collaborative Decision Processes and Analysis&#8221; in the EURO Journal of Decision Processes (EJDP) is organized by Pascale Zarat\u00e9 and F\u00e1tima Dargam &#8211; Guest Editors].<\/li>\n<li style=\"text-align: justify\"><a href=\"http:\/\/www.springer.com\/us\/book\/9783319185323\" target=\"_blank\" rel=\"noopener\">Decision Support Systems V &#8211; Big Data Analytics for Decision Making<\/a>, (2015) edited by Boris Delibasic, Jorge Hernandez, Jason\u00a0<i>Papathanasiou, Fatima Dargam, Pascale Zarate, Rita Ribeiro, Shaofeng Liu and Isabelle Linden. Published by Springer in <a href=\"http:\/\/www.springer.com\/computer?SGWID=0-146-6-450209-0\" target=\"_blank\" rel=\"noopener\">Lecture Notes in Business Information Processing (LNBIP)<\/a>, volume 216. ISBN: 978-3-319-18532-3.<\/i><\/li>\n<li style=\"text-align: justify\"><a href=\"http:\/\/www.springer.com\/us\/book\/9783319215358\" target=\"_blank\" rel=\"noopener\">Decision Support Systems IV &#8211; Information and Knowledge Management in Decision Processes,<\/a> (2015) edited by \u00a0<i>Isabelle Linden,\u00a0Shaofeng Liu,\u00a0Fatima Dargam and\u00a0Jorge Hernandez.\u00a0Published by Springer in <a href=\"http:\/\/www.springer.com\/computer?SGWID=0-146-6-450209-0\" target=\"_blank\" rel=\"noopener\">Lecture Notes in Business Information Processing (LNBIP)<\/a>, volume 221. ISBN: 978-3-319-21536-5.<\/i><\/li>\n<li style=\"text-align: justify\">Special Issue on &#8220;<a href=\"http:\/\/www.tandfonline.com\/loi\/tjds20#.Vfl9t_lVhBc\" target=\"_blank\" rel=\"noopener\">Integrated Decision Support Systems<\/a>&#8221; (2015), guest editors:\u00a0<i>Isabelle Linden,\u00a0Jason\u00a0Papathanasiou and\u00a0Shaofeng Liu, published in\u00a0<a href=\"http:\/\/www.tandfonline.com\/action\/journalInformation?show=aimsScope&amp;journalCode=tjds20#.Vfl9jvlVhBc\" target=\"_blank\" rel=\"noopener\">Journal of Decision Systems<\/a>, volume 24, issue No. 2.\u00a0<\/i><\/li>\n<\/ul>\n<ul style=\"text-align: justify\">\n<li><i>\u201cDecision Support Systems III &#8211; Impact of Decision Support Systems for Global E<\/i><i>nvironments\u201d. Editors: F. Dargam, J.E. Hern\u00e1ndez, P. Zarat\u00e9, S. Liu, R. Ribeiro, B. Delibasic, J. Papathanasiou.<\/i> Springer Series LNBIP 184 Lecture Notes in Business Information Processing (LNBIP_DSS_2014). DOI: 10.1007\/978-3-319-11364-7 Edition: Series ISSN: 1865-1348: Lecture Notes in Business Information Processing, Vol. 184, 2014, Publisher: SPRINGER. Lecture Notes in Business Information Processing Springer, Heidelberg Dordrecht London New York, Editor: Springer-LNBIP, ISBN: 978-3-319-11363-0 (Print) 978-3-319-11364-7 (Online). LNBIP 184. Springer, 2014. Proceedings of the EWG-DSS THESSALONIKI-2013 WORKSHOP on \u201cExploring New Directions for Decisions in the Internet Age \u201c. F.Dargam, B.Delibasic, J.E.Hern\u00e1ndez, S.Liu, J. Papathanasiou, R.Ribeiro, P.Zarat\u00e9 (editors). Thessaloniki, GREECE, May 29-31, 2013. Digital Proceedings: <a href=\"http:\/\/ewgdssthessaloniki2013.files.wordpress.com\/2013\/05\" rel=\"nofollow\">http:\/\/ewgdssthessaloniki2013.files.wordpress.com\/2013\/05<\/a><\/li>\n<li>Following the Thessaloniki-2013 Workshop and the EURO Informs Rome-2013 EWG-DSS DSS Stream, the EWG-DSS organizes a Journal Special Issue on the JDS \u2013 Journal of Decision Systems. The Special Issue is on Knowledge-based Decision Systems \u201c, guest edited by Shaofeng.Liu, Pascale Zarat\u00e9, Rita Ribeiro. Expected publication: 2nd Quarter of 2014.<\/li>\n<li>Following the EWG-DSS organized Stream on DSS within the EUROXXV in Vilnius in 2012, the EWG-DSS organized a Special Issue on &#8220;Modelling Decision Systems for Critical Applications&#8221; in the International Journal of Decision Support System Technology &#8211; IJDSST. Guest Editors: Fatima Dargam, Shaofeng Liu, Isabelle Linden. IJDSST Volume 5, Issue 2, July 2013.<\/li>\n<li>Following the EWG-DSS organized Stream on DSS within the EUROXXV in Vilnius in 2012, the EWG-DSS organized a Special Issue on &#8220;Prediction, Simulation and Optimization Methods for Decision Making&#8221; in the International Journal of Decision Support System Technology &#8211; IJDSST. Guest Editors: Fatima Dargam, Shaofeng Liu, Isabelle Linden. IJDSST Volume 5, Issue 3, September 2013.<\/li>\n<li>Proceedings of the EWG-DSS EWG-DSS Liverpool-2012 Workshop. Liverpool, UK, April, 2012. ISBN: 978-0-9561122-4-8. Digital Proceedings: <a href=\"http:\/\/ewgdssliverpool2012.files.wordpress.com\/2012\/04\/ewg-dss-liverpool2012-full-version.pdf\" rel=\"nofollow\">http:\/\/ewgdssliverpool2012.files.wordpress.com\/2012\/04\/ewg-dss-liverpool2012-full-version.pdf<\/a>\u00a0 .<\/li>\n<li>Following the Liverpool-2012 Workshop, the EWG-DSS organized a Special Issue on \u201cCollaborative decision-Making Trends and Solutions for Industries\u201d of the Journal PP&amp;C &#8211; Production Planning &amp; Control Journal. ISSN: 0953-7287. DOI:10.1080\/09537287.2013.798083.<\/li>\n<li>Following the Liverpool-2012 Workshop, the EWG-DSS organized a Springer Book of the Lecture Notes in Business Information Processing (LNBIP). This Springer Book of Post Proceedings on <span style=\"font-family: Arial\"><i>\u201c<\/i><\/span><i>Decision Support Systems II &#8211; Recent Developments Applied to DSS Network Environments\u201d<\/i>. <span lang=\"PT-BR\"> Editors: J.E. Hern\u00e1ndez, S. Liu, B. Delibasic, P. Zarat\u00e9, F. Dargam, R. Ribeiro. <\/span> Springer Series LNBIP 164 Lecture Notes in Business Information Processing (LNBIP_DSS_2013) on. ISBN: 978-3-642-41076-5. DOI: 10.1007\/978-3-642-41077-2. LNBIP 164. Springer, 2013.<\/li>\n<\/ul>\n<ul style=\"text-align: justify\">\n<li><a href=\"http:\/\/ewgdss.wordpress.com\/2012\/08\/07\/ewg-dss-recent-publication\/\"><img loading=\"lazy\" decoding=\"async\" class=\"alignleft\" src=\"http:\/\/ewgdss.files.wordpress.com\/2012\/08\/springer-book-cover.jpg\" alt=\"\" width=\"89\" height=\"137\" \/><\/a> Following the two 2011 EWG-DSS organized Workshops: London-2011 and the EWG-DSS \/ DASIG Paris-2011, a Springer Lecture Notes in Business Information Processing\u00a0 LNBIP 121, 2012.<br \/>\nBook of Post-Proceedings on &#8220;Collaboration in Real Environments&#8221;, edited by J. Hern\u00e1ndez, P- Zarat\u00e9, F.Dargam, R. Ribeiro, B.Delibasic and S. Liu was compiled. Springer Series LNBIP \u2013 Lecture Notes in Business Information Processing on \u201cCollaboration in Real Environments\u201d. Editors: Jorge E. Hern\u00e1ndez, Pascale Zarat\u00e9, Fatima Dargam, Boris Delibasic, Shaofeng Liu, Rita Ribeiro. Book of Post-Proceedings of the \u201cEWG-DSS London-2011 Workshop\u201d (June 2011) and of the \u201cEWG-DSS Paris-2011 Workshop\u201d (Nov. 2011), Springer Publisher, 2012.<\/li>\n<\/ul>\n<ul style=\"text-align: justify\">\n<li>Following the EWG-DSS London-2011 and the EWG-DSS \/ DASIG Paris-2011 Workshops, a special issue on &#8220;Networking Decision Making &amp; Negotiation&#8221; in the IJDSST \u2013 International Journal of Decision Support Systems Technology&#8221;, edited by F.Dargam, B.Delibasic, J. Hern\u00e1ndez and S. Liu was compiled into two volumes:<\/li>\n<\/ul>\n<ul style=\"text-align: justify\">\n<li>Special Issue on Networking Decision Making and Negotiation (Part 1). International Journal of Decision Support System Technology (IJDSST).Guest Editors: Fatima Dargam; Boris Delibasic; Jorge E. Hern\u00e1ndez; Shaofeng Liu. IJDSST Volume 4, Issue 2, July &#8211; September 2012. ISSN: 1941-6296 EISSN: 1941-630X.<\/li>\n<li>Special Issue on Networking Decision Making and Negotiation (Part 2). International Journal of Decision Support System Technology (IJDSST).Guest Editors: Fatima Dargam; Boris Delibasic; Jorge E. Hern\u00e1ndez; Shaofeng Liu. IJDSST Volume 4, Issue 3, July &#8211; September 2012. ISSN: 1941-6296 EISSN: 1941-630X.<\/li>\n<li>Following the 2011 EWG-DSS London Workshop on Decision Systems, a special issue on &#8220;Collaborative Decision Support Systems in the International Journal of Information and Decision Sciences &#8211; IJIDS, edited by J.Papathanasiou, S. Liu and P. Zarat\u00e9 was compiled and is due to be published in the 1st Quarter of 2012.<\/li>\n<li>Following the 2009 Euro Conference, a special section in the International Journal of Decision Support Systems Technologies, edited by F. Dargam and P. Zarat\u00e9 was compiled is published in the Volume 2 Issue 4 2010, pp 1-36.<\/li>\n<li>A Special Issue in the International Journal of Decision Support Systems Technologies, edited by A. Respicio and P. Zarat\u00e9, on Technologies for Collaborative Decision Making; IGI Global, Hershey &#8211; USA, Vol. 1 N. 4, October 2009.<\/li>\n<li>Following the CDM08 conference organised in Toulouse the GDN special issue, edited by J. Pino and P. Zarat\u00e9, on Collaborative approaches for Multi Decision Makers, is published Volume 20 n\u00b01 2011.<\/li>\n<li>A Special issue in EJOR on Formal Tools and Methodologies for DSS, edited by P. Zarat\u00e9; Elsevier, Vol. 195 N.3, June 2009. A selection of papers presented during the CIDMDS Conference 2006 are published: 4 papers are edited on 17 submitted.<\/li>\n<li>Collaborative Decision Making: Perspectives and Challenges; edited by P. Zarat\u00e9, J.P. Belaud, G. Camilleri, F. Ravat; July 2008; N\u00b0ISSN: 0922-6389; IOSPress Publisher; available at <a href=\"http:\/\/www.irit.fr\/CDM08\/\" rel=\"nofollow\">http:\/\/www.irit.fr\/CDM08\/<\/a>.<\/li>\n<li>The Central European Journal on Operations Research, Volume 14, issue 4, published in December 2006, edited by F. Dargam and A. Rodrigues. This CEJOR special issue contains a selection of full papers presented during the Joint-Workshop on Decision Support Systems, Experimental Economics and e-Participation, Graz, Austria, in June 2005.<\/li>\n<li>The Journal of Decision System (Volume 15 N\u00b0 2-3, 2006). This issue presents a selection of full papers that were presented during the EWG-DSS Workshop organised in Graz, Austria, in 2005. This special issue is edited by F. Dargam and P. Zarat\u00e9.<\/li>\n<li>The Journal of Decision Systems (Volume 12, Number 3-4, 2003). &#8220;DSS from Theory to Practice&#8221;, edited by P. Zarat\u00e9.<\/li>\n<li>The European Journal of Operational Resarch (Volume 145, Number 2, March 2003; Volume 55, Number 3, 1991 and Volume 61, Number 1-2, 1992).<\/li>\n<li>Decision Support Systems (Volume 12, Number 4-5, 1994, 172 pages).<br \/>\nSelected Papers of the IFORS\u2013SPC1 Conference on Decision Support Systems, Bruges, Belgium, 26\u201329 March 1991, edited by T. Jelassi, J.\u2013P. Brans.<\/li>\n<li>The Journal of Decision Systems, Volume 1, Number 2-3, 1992.<\/li>\n<\/ul>\n<ul>\n<li style=\"text-align: justify\">P. Zarat\u00e9 (Ed). Formal tools and methodologies for DSS; European Journal of Operational Research (EJOR), Special Issue, 2007.<\/li>\n<li style=\"text-align: justify\"><span style=\"text-decoration: underline\"><a href=\"http:\/\/www.irit.fr\/publications.php3?code=2982&amp;nom=Dargam%20Fatima\" target=\"_blank\" rel=\"noopener\">Fatima Dargam<\/a><\/span>, <span style=\"text-decoration: underline\"><a href=\"http:\/\/www.irit.fr\/publications.php3?code=502&amp;nom=Zarat%C3%A9%20Pascale\" target=\"_blank\" rel=\"noopener\">Pascale Zarat\u00e9<\/a><\/span> (Ed). <em>Decision Support Systems: M\u00e9thodologies and Application.<\/em> <em>Journal of Decision Systems<\/em>, <span style=\"text-decoration: underline\"><a href=\"http:\/\/www.editions-hermes.fr\/\" target=\"_blank\" rel=\"noopener\">Herm\u00e8s Science Publications<\/a><\/span>, Vol. 15, N. 2-3, September 2006.<\/li>\n<li style=\"text-align: justify\"><span style=\"text-decoration: underline\"><a href=\"http:\/\/www.irit.fr\/publications.php3?code=2982&amp;nom=Dargam%20Fatima\" target=\"_blank\" rel=\"noopener\">Fatima Dargam<\/a><\/span>, Ant\u00f3nio Rodrigues (Ed). Special Issue on \u201c<em>Methods and Strategies for Decision and Management Problems\u201d <\/em>ofthe Central European Journal of Operations Research (CEJOR), Springer-Verlag, Issue 4, Vol.14, Dec. 2006.<\/li>\n<li style=\"text-align: justify\"><span style=\"text-decoration: underline\"><a href=\"http:\/\/www.irit.fr\/publications.php3?code=2952&amp;nom=Ribeiro%20Rita\" target=\"_blank\" rel=\"noopener\">Rita Ribeiro<\/a><\/span>, <span style=\"text-decoration: underline\"><a href=\"http:\/\/www.irit.fr\/publications.php3?code=2953&amp;nom=Rodriguez%20Antonio\" target=\"_blank\" rel=\"noopener\">Antonio Rodriguez<\/a><\/span>, <span style=\"text-decoration: underline\"><a href=\"http:\/\/www.irit.fr\/publications.php3?code=502&amp;nom=Zarat%C3%A9%20Pascale\" target=\"_blank\" rel=\"noopener\">Pascale Zarat\u00e9<\/a><\/span> (Ed). <em>Decision Support Systems : Current Research.<\/em> <em>European Journal of Operational Research<\/em>, Elsevier, Vol. 145, N. 2, mars 2003.<\/li>\n<li style=\"text-align: justify\"><span style=\"text-decoration: underline\"><a href=\"http:\/\/www.irit.fr\/publications.php3?code=502&amp;nom=Zarat%C3%A9%20Pascale\" target=\"_blank\" rel=\"noopener\">Pascale Zarat\u00e9 (Ed)<\/a><\/span>. <em>Decision Support Systems : from theory to practice.<\/em> <em>Journal of Decision Systems<\/em>, Herm\u00e8s, Vol. 12 &#8211; N. 3 et 4, 2003.<\/li>\n<li style=\"text-align: justify\"><em>Journal: Decision Support Systems (<\/em><em>DSS<\/em><em>), Volume 12, Number 4-5, 1994.<\/em><\/li>\n<li style=\"text-align: justify\"><em>European Journal of Operational Research (EJOR), Vol. 61, N. 1-2, 1992.<\/em><\/li>\n<li style=\"text-align: justify\"><em>Journal of Decision Systems (JDS), Volume 1, N. 2-3, 1992.<\/em><\/li>\n<li style=\"text-align: justify\"><em>European Journal of Operational Research (EJOR), Vol. 55, N.3, 1991.<\/em><\/li>\n<\/ul>\n<p><strong>\u00a0<\/strong><\/p>\n<p><strong><em>Collaborative Decision Making: Perspectives and Challenges<\/em><\/strong><\/p>\n<p>Edited by P. Zarat\u00e9, J.P. Belaud, G. Camilleri, F. Ravat; IOSPress Publisher, 2008.<\/p>\n<p><strong><em>Formal Methodologies and Tools for DSSs, <\/em><\/strong><em>Special Issue in EJOR (2009), <\/em> edited by P. Zarat\u00e9.<\/p>\n<p><strong><em>Encyclopedia of Decision Making and Decision Support Technologies<\/em><\/strong><\/p>\n<p>Edited by F. Adam and P. Humphreys; IGI Global Publishers, 2008.<\/p>\n<p><strong>Group Decision and Negotiation Journal:<\/strong><strong><br \/>\n<\/strong>This feature issue will select papers presenting research on <em>Collaborative Approaches for Multi-Decision Makers<\/em> and is edited by J. Pino and P. Zarat\u00e9.<\/p>\n<p><strong>Journal of Decision Support Systems Technologies:<\/strong><strong><br \/>\n<\/strong>This feature issue will select papers presenting research on <em>Technologies for Collaborative Decision Making<\/em> and is edited by A. Respicio and P. Zarat\u00e9.<br \/>\n<strong><br \/>\nJournal of Decision Systems:<\/strong><strong><br \/>\n<\/strong>This feature issue will select papers presenting research on <em>Case Studies<\/em> and is edited by F. Adam.<\/p>\n<p><strong>Intelligent Decision Technologies Journal:<br \/>\n<\/strong>This feature issue will select papers presenting research on <em>AI approaches for Decision Making<\/em> and is edited by F. Burstein and G. Philips-Wren.<\/p>\n<p><strong>Decision Science Journal:<\/strong><strong><br \/>\n<\/strong>This feature issue will select papers presenting research on <em>Collaborative Decision Making for Supply Chain<\/em> and is edited by J. Pino, P. Goes and A. Vakharia.<\/p>\n<p>&#8212;-xxx&#8212;<\/p>\n<p><strong><em>If you are a member of the EWG-DSS and you wish to have some of your publications or editions to be announced in this page, feel free to send it to us here below as a comment.<\/em><\/strong>[\/vc_column_text][\/vc_column][\/vc_row]<\/p>\n<\/div>","protected":false},"excerpt":{"rendered":"<p>[vc_row][vc_column][vc_column_text css=&#8221;&#8221;] EWG-DSS official Publications The EWG-DSS is pleased to announce its official publications. Click here for details. Acknowledgement for EWG-DSS Publications Standard Acknowledgement for EWG-DSS Publications: For works at [&hellip;]<\/p>\n","protected":false},"author":1,"featured_media":0,"parent":0,"menu_order":0,"comment_status":"closed","ping_status":"closed","template":"","meta":{"footnotes":""},"class_list":["post-336","page","type-page","status-publish","hentry"],"_links":{"self":[{"href":"https:\/\/www.euro-online.org\/websites\/dss\/wp-json\/wp\/v2\/pages\/336"}],"collection":[{"href":"https:\/\/www.euro-online.org\/websites\/dss\/wp-json\/wp\/v2\/pages"}],"about":[{"href":"https:\/\/www.euro-online.org\/websites\/dss\/wp-json\/wp\/v2\/types\/page"}],"author":[{"embeddable":true,"href":"https:\/\/www.euro-online.org\/websites\/dss\/wp-json\/wp\/v2\/users\/1"}],"replies":[{"embeddable":true,"href":"https:\/\/www.euro-online.org\/websites\/dss\/wp-json\/wp\/v2\/comments?post=336"}],"version-history":[{"count":5,"href":"https:\/\/www.euro-online.org\/websites\/dss\/wp-json\/wp\/v2\/pages\/336\/revisions"}],"predecessor-version":[{"id":590,"href":"https:\/\/www.euro-online.org\/websites\/dss\/wp-json\/wp\/v2\/pages\/336\/revisions\/590"}],"wp:attachment":[{"href":"https:\/\/www.euro-online.org\/websites\/dss\/wp-json\/wp\/v2\/media?parent=336"}],"curies":[{"name":"wp","href":"https:\/\/api.w.org\/{rel}","templated":true}]}}