{"id":940,"date":"2024-03-23T11:23:51","date_gmt":"2024-03-23T11:23:51","guid":{"rendered":"https:\/\/www.euro-online.org\/websites\/continuous-optimization\/?page_id=940"},"modified":"2025-03-12T17:44:02","modified_gmt":"2025-03-12T17:44:02","slug":"europtschool24","status":"publish","type":"page","link":"https:\/\/www.euro-online.org\/websites\/continuous-optimization\/europtschool24\/","title":{"rendered":"EUROPT Summer School 2024"},"content":{"rendered":"<div class=\"wpb-content-wrapper\"><p>[vc_row][vc_column][vc_column_text]<\/p>\r\n<h1><span style=\"color: #0000ff\">School dates, venue and topics<\/span><\/h1>\r\n<p>The school took place on <strong>24-25<span style=\"color: #000000\">\u00a0 June <\/span><\/strong><span style=\"color: #000000\">at Lund University, Sweden. The school was planned to be <em>in-person only, no live streaming was provided<\/em>.<\/span> There have been <em>two courses<\/em> focusing on different sides of the continuous optimization world, specifically on<\/p>\r\n<h3 style=\"text-align: center\"><span style=\"color: #ff0000\">1. Computational optimal transport<\/span><\/h3>\r\n<h3 style=\"text-align: center\"><span style=\"color: #ff0000\">\u00a02. Multiobjective optimization<\/span><\/h3>\r\n<p>The lectures on optimal transport have been delivered by<span style=\"color: #ff0000\"> Gabriel Peyr\u00e9<\/span>, on multiobjective optimization by <span style=\"color: #ff0000\">Gabriele Eichfelder<\/span>. Each day included 6 hours of lectures plus coffee breaks.<\/p>\r\n<h1><span style=\"color: #0000ff\">Attendance\u00a0<\/span><\/h1>\r\n<p><em>Attendance was free of charge <\/em>but with a <em>mandatory registration<\/em>. Lectures were particularly suited for <em>PhD students and young researchers<\/em> to provide them with the chance of\u00a0 attending two high level courses on continuous optimization, but\u00a0 <em>the school was open to everyone<\/em> wishing to participate.<\/p>\r\n<p>To register fill this\u00a0form by 5 May (please, register only when you are sure you are coming: the available classroom is large, so everyone should have a place &#8211; in the very unlikely event of too many registrations\u00a0 the priority will not be set upon early booking).<\/p>\r\n<h1><span style=\"color: #0000ff\">Timetable\u00a0<\/span><\/h1>\r\n<p>Monday 24 June &#8211; Gabriel Peyr\u00e9<\/p>\r\n<p>Tuesday 25 June &#8211; Gabriele Eichfelder<\/p>\r\n<p>\u00a0 9:00 &#8211; 10:30 Lecture I<\/p>\r\n<p>10:30 &#8211; 11:00 Coffee break<\/p>\r\n<p>11:00 &#8211; 12:30 Lecture II<\/p>\r\n<p>12:30 &#8211; 14:00 Lunch break<\/p>\r\n<p>14:00 &#8211; 15:30 Lecture III<\/p>\r\n<p>15:30 &#8211; 16:00 Coffee break<\/p>\r\n<p>16:00 &#8211; 17:00 Lecture IV\/Discussion<\/p>\r\n<h1><span style=\"color: #0000ff\">The courses<\/span><\/h1>\r\n<h2 style=\"text-align: center\"><span class=\"\">Computational optimal transport<\/span><\/h2>\r\n<h3 style=\"text-align: center\">by\u00a0 Gabriel Peyr\u00e9<\/h3>\r\n<p><span class=\"s1\">Optimal transport (OT) is a fundamental mathematical theory that intersects optimization, partial differential equations, and probability. It has recently emerged as a crucial tool for addressing a surprisingly wide range of problems in data science, such as shape registration in medical imaging, structured prediction problems in supervised learning, and training of deep generative networks. This mini-course will intertwine descriptions of the mathematical theory with recent developments in scalable numerical solvers. This approach will underscore the significance of recent advancements in regularized approaches for OT, which make it possible to address high-dimensional learning problems. In the first part of the course, I will explain Monge\u2019s original transportation problem and detail Brenier\u2019s theorem, which guarantees the existence and uniqueness of the optimal map. This theorem is then applied in the contexts of Gaussian distributions and one-dimensional densities. I will then present Kantorovich&#8217;s formulation, a convex relaxation that has a strong connection with linear programming. In particular, I will explain the celebrated Birkhoff-von Neumann theorem, which establishes an equivalence between Monge\u2019s and Kantorovich\u2019s formulations. I will also discuss the metric properties of Optimal Transport, which define a metric capable of quantifying the convergence in law of distributions and making it a powerful loss function in imaging and learning. The last part will focus on high-dimensional problems, requiring the use of entropic regularization. I will draw<span class=\"Apple-converted-space\">\u00a0 <\/span>the connection of this approach<span class=\"Apple-converted-space\">\u00a0 <\/span>with the Schr\u00f6dinger problem in statistical physics and highlight the associated Sinkhorn\u2019s algorithm, which is highly parallelizable on GPUs and has a significant connection with deep learning and neural networks.<\/span><\/p>\r\n<p class=\"p1\"><span class=\"s1\">Materials for the course, including a small book, slides, and computational resources, can be found online at<\/span><\/p>\r\n<p class=\"p1\"><span class=\"s1\"> <a href=\"https:\/\/optimaltransport.github.io\/\"><span class=\"s2\">https:\/\/optimaltransport.github.io\/<\/span><\/a><\/span><\/p>\r\n<h2>\u00a0<\/h2>\r\n<h2 style=\"text-align: center\"><span dir=\"ltr\" role=\"presentation\">\u00a0Multiobjective<\/span><span dir=\"ltr\" role=\"presentation\">\u00a0optimization<\/span><\/h2>\r\n<h3 style=\"text-align: center\">by\u00a0 Gabriele Eichfelder<\/h3>\r\n<p><span class=\"s1\">In real-life applications often multiple objective functions arise which have to be optimized at the same time, like costs, energy consumption, and quality. This is known as a multiobjective optimization problem, which involves optimizing a vector-valued objective map. A na\u00efve approach is a weighted sum of the objectives. However, it is difficult to choose appropriate weights beforehand and the values of the individual objective functions can have different scales. Moreover, for non-convex optimization problems, valuable solutions may be overlooked by simplifying with a weighted sum, even if the weights are varied. Thus, several other approaches have been developed to solve these types of problems. The most prominent are nonlinear scalarizations, i.e., the reformulation as a parameter-dependent single-objective replacement problem like the epsilon-constraint method. But also direct methods for special classes of multiobjective problems using for instance descent directions or branch-and-bound techniques have been proposed in the last decades.<span class=\"Apple-converted-space\">\u00a0<\/span><\/span><\/p>\r\n<p class=\"p1\"><span class=\"s1\">These lectures provide an introduction to multiobjective optimization. They begin by presenting the basic optimality concepts and the necessary theoretical background. The focus is then on numerical methods for solving such problems. The lectures give the classical scalarization approaches and discusses their advantages and limitations in terms of quality guarantees as well as for specific classes of optimization problems. A further topic will be descent methods, for which we examine optimality conditions like stationarity. The course continuous with additional ingredients for direct methods for solving multiobjective optimization problems. Participants will gain the ability to select appropriate solution approaches for specific multiobjective optimization problems and critically evaluate the outcomes of standard methods.<\/span><\/p>\r\n<p>&nbsp;<\/p>\r\n<h1><span style=\"color: #0000ff\">The lecturers<\/span><\/h1>\r\n<h2>Gabriel Peyr\u00e9 (CNRS et \u00c9cole Normale Sup\u00e9rieure, Paris)<\/h2>\r\n\r\n<figure class=\"wp-block-image size-large is-resized\"><img loading=\"lazy\" decoding=\"async\" class=\"alignnone wp-image-944 size-medium\" src=\"https:\/\/www.euro-online.org\/websites\/continuous-optimization\/wp-content\/uploads\/sites\/7\/2024\/03\/gabriel-300x300.jpeg\" alt=\"\" width=\"300\" height=\"300\" srcset=\"https:\/\/www.euro-online.org\/websites\/continuous-optimization\/wp-content\/uploads\/sites\/7\/2024\/03\/gabriel-300x300.jpeg 300w, https:\/\/www.euro-online.org\/websites\/continuous-optimization\/wp-content\/uploads\/sites\/7\/2024\/03\/gabriel-150x150.jpeg 150w, https:\/\/www.euro-online.org\/websites\/continuous-optimization\/wp-content\/uploads\/sites\/7\/2024\/03\/gabriel.jpeg 400w\" sizes=\"(max-width: 300px) 100vw, 300px\" \/><\/figure>\r\n<div class=\"\"><span class=\"s1\">Gabriel Peyr\u00e9 is CNRS senior researcher and professor at the Ecole Normale Sup\u00e9rieure, Paris. He works at the interface between applied mathematics, imaging, and machine learning. He obtained 2 ERC grants (starting in 2010 and consolidator in 2017), the Blaise Pascal prize from the French Academy of sciences in 2017, the Magenes Prize from the Italian Mathematical Union in 2019 and the silver medal from CNRS in 2021. He is an invited speaker at the European Congress for Mathematics in 2020. He is the deputy director of the Prairie Institute for Artificial Intelligence, the director of the ENS Center for data science, and the former director of the GdR CNRS MIA. He is the head of the ELLIS (European Lab for Learning &amp; Intelligent Systems) Paris Unit. He is engaged in reproducible research and code education, in particular through the platform <a href=\"http:\/\/www.numerical-tours.com\/\"><span class=\"s2\">www.numerical-tours.com<\/span><\/a>.<\/span><\/div>\r\n<h2>Gabriele Eichfelder (Technische Universit\u00e4t Ilmenau)<\/h2>\r\n\r\n<figure class=\"wp-block-image size-large is-resized\"><img loading=\"lazy\" decoding=\"async\" class=\"alignnone wp-image-945 size-medium\" src=\"https:\/\/www.euro-online.org\/websites\/continuous-optimization\/wp-content\/uploads\/sites\/7\/2024\/03\/gabriele-300x300.jpeg\" alt=\"\" width=\"300\" height=\"300\" srcset=\"https:\/\/www.euro-online.org\/websites\/continuous-optimization\/wp-content\/uploads\/sites\/7\/2024\/03\/gabriele-300x300.jpeg 300w, https:\/\/www.euro-online.org\/websites\/continuous-optimization\/wp-content\/uploads\/sites\/7\/2024\/03\/gabriele-150x150.jpeg 150w, https:\/\/www.euro-online.org\/websites\/continuous-optimization\/wp-content\/uploads\/sites\/7\/2024\/03\/gabriele.jpeg 400w\" sizes=\"(max-width: 300px) 100vw, 300px\" \/><\/figure>\r\n\r\n<p>Gabriele Eichfelder is a full professor of Mathematical Methods of Operations Research at the Institute of Mathematics, Technische Universit\u00e4t Ilmenau, Germany. She earned her doctoral degree in 2006 and completed habilitation at the Department of Applied Mathematics at the University of Erlangen-Nuremberg in 2012. She works in the field of Mathematical Optimization with a special interest in nonlinear optimization with vector-valued and set-valued objective functions. In addition to fundamental theoretical studies, she has also been working on numerical solvers for applied engineering problems. Professor Eichfelder has authored two Springer research monographs, has published extensively in top international journals, and has received several publication awards. Recently, she has been elected program director of the SIAM Activity Group on Optimization. Moreover, she served as a member of the program committee for many conferences, including the EURO Conference 2021 in Athens and the recent EUROPT conferences, and as a member of the organizing committee of the 2021 SIAM conference on optimization. She serves on the editorial boards of leading optimization journals, and as an area editor of the <a href=\"https:\/\/link.springer.com\/journal\/10957\" target=\"_blank\" rel=\"noopener\">Journal of Optimization Theory and Applications<\/a>. She has been elected <a href=\"https:\/\/www.euro-online.org\/websites\/continuous-optimization\/europt-fellows\/\" target=\"_blank\" rel=\"noopener\">EUROPT Fellow<\/a> in 2024.<\/p>\r\n<h1>\u00a0<\/h1>\r\n<h1><span style=\"color: #0000ff\">Organisation<\/span><\/h1>\r\n<p><img loading=\"lazy\" decoding=\"async\" class=\"wp-image-802 alignnone\" src=\"https:\/\/www.euro-online.org\/websites\/continuous-optimization\/wp-content\/uploads\/sites\/7\/2021\/07\/euro-logo@2x-300x95.png\" alt=\"\" width=\"284\" height=\"90\" srcset=\"https:\/\/www.euro-online.org\/websites\/continuous-optimization\/wp-content\/uploads\/sites\/7\/2021\/07\/euro-logo@2x-300x95.png 300w, https:\/\/www.euro-online.org\/websites\/continuous-optimization\/wp-content\/uploads\/sites\/7\/2021\/07\/euro-logo@2x.png 340w\" sizes=\"(max-width: 284px) 100vw, 284px\" \/>\u00a0 \u00a0<img loading=\"lazy\" decoding=\"async\" class=\"wp-image-310 alignnone\" src=\"https:\/\/www.euro-online.org\/websites\/continuous-optimization\/wp-content\/uploads\/sites\/7\/2017\/04\/EWG_EUROPT-1.png\" alt=\"\" width=\"224\" height=\"182\" \/>\u00a0 \u00a0 \u00a0 <img loading=\"lazy\" decoding=\"async\" class=\"wp-image-946 alignnone\" src=\"https:\/\/www.euro-online.org\/websites\/continuous-optimization\/wp-content\/uploads\/sites\/7\/2024\/03\/lunduniversity-249x300.png\" alt=\"\" width=\"169\" height=\"203\" srcset=\"https:\/\/www.euro-online.org\/websites\/continuous-optimization\/wp-content\/uploads\/sites\/7\/2024\/03\/lunduniversity-249x300.png 249w, https:\/\/www.euro-online.org\/websites\/continuous-optimization\/wp-content\/uploads\/sites\/7\/2024\/03\/lunduniversity.png 714w\" sizes=\"(max-width: 169px) 100vw, 169px\" \/> [\/vc_column_text][\/vc_column][\/vc_row]<\/p>\r\n<\/div>","protected":false},"excerpt":{"rendered":"<p>[vc_row][vc_column][vc_column_text] School dates, venue and topics The school took place on 24-25\u00a0 June at Lund University, Sweden. The school was planned to be in-person only, no live streaming was provided. [&hellip;]<\/p>\n","protected":false},"author":10,"featured_media":0,"parent":0,"menu_order":0,"comment_status":"closed","ping_status":"closed","template":"","meta":{"footnotes":""},"class_list":["post-940","page","type-page","status-publish","hentry"],"_links":{"self":[{"href":"https:\/\/www.euro-online.org\/websites\/continuous-optimization\/wp-json\/wp\/v2\/pages\/940"}],"collection":[{"href":"https:\/\/www.euro-online.org\/websites\/continuous-optimization\/wp-json\/wp\/v2\/pages"}],"about":[{"href":"https:\/\/www.euro-online.org\/websites\/continuous-optimization\/wp-json\/wp\/v2\/types\/page"}],"author":[{"embeddable":true,"href":"https:\/\/www.euro-online.org\/websites\/continuous-optimization\/wp-json\/wp\/v2\/users\/10"}],"replies":[{"embeddable":true,"href":"https:\/\/www.euro-online.org\/websites\/continuous-optimization\/wp-json\/wp\/v2\/comments?post=940"}],"version-history":[{"count":14,"href":"https:\/\/www.euro-online.org\/websites\/continuous-optimization\/wp-json\/wp\/v2\/pages\/940\/revisions"}],"predecessor-version":[{"id":1026,"href":"https:\/\/www.euro-online.org\/websites\/continuous-optimization\/wp-json\/wp\/v2\/pages\/940\/revisions\/1026"}],"wp:attachment":[{"href":"https:\/\/www.euro-online.org\/websites\/continuous-optimization\/wp-json\/wp\/v2\/media?parent=940"}],"curies":[{"name":"wp","href":"https:\/\/api.w.org\/{rel}","templated":true}]}}