{"id":1060,"date":"2026-03-12T14:40:28","date_gmt":"2026-03-12T14:40:28","guid":{"rendered":"https:\/\/www.euro-online.org\/websites\/continuous-optimization\/?page_id=1060"},"modified":"2026-04-09T08:49:59","modified_gmt":"2026-04-09T08:49:59","slug":"europtschool26","status":"publish","type":"page","link":"https:\/\/www.euro-online.org\/websites\/continuous-optimization\/europtschool26\/","title":{"rendered":"EUROPT Summer School 2026"},"content":{"rendered":"<h1><span style=\"color: #0000ff\">School dates, venue and topics<\/span><\/h1>\r\n<p>The school\u00a0 will take place on <strong>6-7<span style=\"color: #000000\">\u00a0 July <\/span><\/strong><span style=\"color: #000000\">at the Johannes Kepler Universit\u00e4t Linz, Austria. The school is planned to be <em>in-person only, no live streaming will be provided<\/em>.<\/span> There will be <em>two courses<\/em> focusing on different sides of the continuous optimization world, specifically on<\/p>\r\n<h3 style=\"text-align: center\"><span style=\"color: #ff0000\">1. Semidefinite programming and iterative optimization algorithms<\/span><\/h3>\r\n<h3 style=\"text-align: center\"><span style=\"color: #ff0000\">\u00a02. Bilevel optimization<\/span><\/h3>\r\n<p>The lectures on semidefinite programming will be delivered by<span style=\"color: #ff0000\"> Etienne de Klerk<\/span>, on bilevel optimization by <span style=\"color: #ff0000\">Martin Schmidt<\/span>. The two days will included about 6 hours of lectures plus coffee breaks.<\/p>\r\n<h1><span style=\"color: #0000ff\">Attendance\u00a0<\/span><\/h1>\r\n<p><em>Attendance is free of charge <\/em>but with a <em>mandatory registration<\/em>. Lectures are particularly suited for <em>PhD students and young researchers<\/em> to provide them with the chance of\u00a0 attending two high level courses on continuous optimization, but\u00a0 <em>the school is open to everyone<\/em> wishing to participate. To register fill this <a href=\"https:\/\/reglist24.com\/summerschool_europt2026\" target=\"_blank\" rel=\"noopener\">form<\/a> by 15 May (please, register only when you are sure you are coming: the available classroom is large, so everyone should have a place &#8211; in the very unlikely event of too many registrations\u00a0 the priority will not be set upon early booking).<\/p>\r\n<h1><span style=\"color: #0000ff\">Timetable\u00a0<\/span><\/h1>\r\n<p><em>Monday 6 July\u00a0&#8211; Tuesday 7 July<\/em><\/p>\r\n<p>9:00 &#8211; 10:30 Lecture I<\/p>\r\n<p>10:30 &#8211; 11:00 Break<\/p>\r\n<p>11:00 &#8211; 12:30 Lecture II<\/p>\r\n<p>12:30 &#8211; 14:00 Lunch break<\/p>\r\n<p>14:00 &#8211; 15:30 Lecture III<\/p>\r\n<p>15:30 &#8211; 16:00 Break<\/p>\r\n<p>16:00 &#8211; 17:30 Lecture IV<\/p>\r\n<p>Morning lectures will be delivered by Martin Schmidt, afternoon lectures by Etienne de Klerk.<\/p>\r\n<h1><span style=\"color: #0000ff\">The courses<\/span><\/h1>\r\n<h2 style=\"text-align: center\">The SemiDefinite Programming approach to analyze\u00a0the worst-case behavior of iterative optimization methods<\/h2>\r\n<h3 style=\"text-align: center\">by\u00a0 Etienne de Klerk<\/h3>\r\n<div class=\"elementToProof\">Computer-assisted proofs are of growing importance in mathematics, with notable success stories like the first proofs of the four-color theorem and Kepler conjecture. A more recent example is the pioneering work by Drori and Teboulle [1], where semidefinite programming is the computational tool.<\/div>\r\n<div class=\"elementToProof\">In this short course, we will review the basic properties of semidefinite programming, as well as the method by Drori and Teboulle. We will also look at more recent developments that enhance the approach, including the work in [2].<\/div>\r\n<div class=\"elementToProof\">Finally, we will look at the worst-case analysis of specific (classical) optimization algorithms, including (stochastic) gradient descent, Newton&#8217;s method, and the convex-concave procedure (aka DCA).<\/div>\r\n<div class=\"elementToProof\">As a part of the course, we will experiment with Python and Matlab tools that are available to perform this type of computational analysis, specifically the tools PEPit and PESTO [3], developed by Adrien Taylor and collaborators.<\/div>\r\n<div>\u00a0<\/div>\r\n<div><strong>Bibliography and webography<\/strong><\/div>\r\n<div>\u00a0<\/div>\r\n<div>[1] Drori, Y. and Teboulle, M. Performance of first-order methods for smooth convex minimization: a novel approach. Math. Program. 145 (1), 451-482, 2014.<\/div>\r\n<div>[2] Taylor, A.B., Hendrickx, J.M. and Glineur, F. Smooth strongly convex interpolation and exact worst-case performance of first-order methods. Math. Program. 161, 307\u2013345 (2017).<\/div>\r\n<div>[3] <a href=\"https:\/\/github.com\/PerformanceEstimation\" target=\"_blank\" rel=\"noopener\">https:\/\/github.com\/PerformanceEstimation<\/a><\/div>\r\n<div>\u00a0<\/div>\r\n<h2 style=\"text-align: center\"><span dir=\"ltr\" role=\"presentation\">\u00a0A gentle and incomplete introduction to Bilevel Optimization \u2026 and some new results<\/span><\/h2>\r\n<h3 style=\"text-align: center\">by\u00a0 Martin Schmidt<\/h3>\r\n<div>\r\n<div>Bilevel optimization is a field of mathematical programming in which some variables are constrained to be the solution of another optimization problem. As a consequence, bilevel optimization is able to model hierarchical decision making processes. This is appealing for modeling real-world problems, but it also makes the resulting optimization models hard to solve in theory and practice. The scientific interest in bilevel optimization increased a lot over the last decade and is still growing.\u00a0<\/div>\r\n<div>\u00a0<\/div>\r\n<div>In this tutorial, we discuss the most important aspects that render bilevel problems more challenging than single-level optimization problems and present the basic existence and hardness theory as well as the geometrical properties for linear bilevel models as well as the basic techniques for solving them. After these basics, we will also discuss some exemplary recent contributions in the field that are mainly about the effect of having coupling constraints or not.<\/div>\r\n<\/div>\r\n<p>&nbsp;<\/p>\r\n<h1><span style=\"color: #0000ff\">The lecturers<\/span><\/h1>\r\n<h2>Etienne de Klerk (Universiteit van Tilburg)<\/h2>\r\n\r\n<figure class=\"wp-block-image size-large is-resized\"><img loading=\"lazy\" decoding=\"async\" class=\"alignnone wp-image-1057 size-medium\" src=\"https:\/\/www.euro-online.org\/websites\/continuous-optimization\/wp-content\/uploads\/sites\/7\/2026\/02\/etienne-252x300.jpg\" alt=\"\" width=\"252\" height=\"300\" srcset=\"https:\/\/www.euro-online.org\/websites\/continuous-optimization\/wp-content\/uploads\/sites\/7\/2026\/02\/etienne-252x300.jpg 252w, https:\/\/www.euro-online.org\/websites\/continuous-optimization\/wp-content\/uploads\/sites\/7\/2026\/02\/etienne-859x1024.jpg 859w, https:\/\/www.euro-online.org\/websites\/continuous-optimization\/wp-content\/uploads\/sites\/7\/2026\/02\/etienne-768x916.jpg 768w, https:\/\/www.euro-online.org\/websites\/continuous-optimization\/wp-content\/uploads\/sites\/7\/2026\/02\/etienne.jpg 1280w\" sizes=\"(max-width: 252px) 100vw, 252px\" \/><\/figure>\r\n<div class=\"\">\r\n<p>Etienne de Klerk completed his BSc and MSc degrees at the University of Pretoria in South Africa and obtained his PhD degree from the Delft University of Technology in the Netherlands in 1997. From January 1998 to September 2003, he held assistant professorships at the Delft University of Technology, and from September 2003 to September 2005 an associate professorship at the University of Waterloo, Canada, in the Department of Combinatorics &amp; Optimization. In September 2004 he was appointed at Tilburg University, The Netherlands, first as an associate professor, and then as full professor (from June 2009). From August 29th, 2012, until August 31st, 2013, he was also appointed as full professor in the Division of Mathematics of the School of Physical and Mathematical Sciences at the Nanyang Technological University in Singapore. From September 1st, 2015, to August 31st, 2019, he also held a full professorship at the Delft University of Technology (1 day\/week position). Dr. De Klerk&#8217;s main research interest is mathematical optimization, and his publications include the monograph\u00a0<i>Aspects of Semidefinite Programming<\/i>\u00a0(Kluwer\/Springer, 2002). He has served five 3-year terms as associate editor of the\u00a0<i>SIAM Journal on Optimization<\/i>,\u00a0 two 3-year terms as associate editor of the INFORMS Journal\u00a0<i>Operations Research<\/i>, and has been guest editor of two issues of\u00a0<i>Mathematical Programming B<\/i>.<\/p>\r\n<p>He is a co-recipient of the Canadian Foundation for Innovation&#8217;s New Opportunities Fund award,\u00a0 recipient of the VIDI grant of the Dutch Organization for Scientific Research (NWO), and a co-recipient of the ENW-GROOT grant of the NWO.\u00a0He received the 2017 Best Paper Prize from the Springer journal\u00a0<i>Optimization Letters<\/i> for joint work on the complexity of gradient descent methods. He has been elected\u00a0<a href=\"https:\/\/www.euro-online.org\/websites\/continuous-optimization\/europt-fellows\/\" target=\"_blank\" rel=\"noopener\">EUROPT Fellow<\/a> in 2026.<\/p>\r\n<\/div>\r\n<h2>Martin Schmidt (Universit\u00e4t Trier)<\/h2>\r\n\r\n<figure class=\"wp-block-image size-large is-resized\"><img loading=\"lazy\" decoding=\"async\" class=\"alignnone wp-image-1067 \" src=\"https:\/\/www.euro-online.org\/websites\/continuous-optimization\/wp-content\/uploads\/sites\/7\/2026\/03\/martin.png\" alt=\"\" width=\"383\" height=\"313\" \/><\/figure>\r\n\r\n<p>Martin Schmidt is a Full Professor of Nonlinear Optimization at Trier University and a Fellow of the Energie Campus N\u00fcrnberg and SFB Transregio 154. He previously held a junior professorship at Friedrich-Alexander-Universit\u00e4t Erlangen-N\u00fcrnberg and received his PhD in Mathematics from Leibniz Universit\u00e4t Hannover. His main research interests are in mixed-integer nonlinear optimization and multilevel optimization, with a particular focus on bilevel optimization. He is actively involved in the mathematical optimization community, regularly giving plenary and keynote talks at international conferences and serving as Associate Editor of the EURO Journal on Computational Optimization and as a member of the Editorial Board of the European Journal of Operational Research. His work has received several international awards, including the EURO Best EJOR Paper Award and the Marguerite Frank Award.<\/p>\r\n<h1>\u00a0<\/h1>\r\n<h1><span style=\"color: #0000ff\">Organisation<\/span><\/h1>\r\n<p><img loading=\"lazy\" decoding=\"async\" class=\"wp-image-802 alignnone\" src=\"https:\/\/www.euro-online.org\/websites\/continuous-optimization\/wp-content\/uploads\/sites\/7\/2021\/07\/euro-logo@2x-300x95.png\" alt=\"\" width=\"284\" height=\"90\" srcset=\"https:\/\/www.euro-online.org\/websites\/continuous-optimization\/wp-content\/uploads\/sites\/7\/2021\/07\/euro-logo@2x-300x95.png 300w, https:\/\/www.euro-online.org\/websites\/continuous-optimization\/wp-content\/uploads\/sites\/7\/2021\/07\/euro-logo@2x.png 340w\" sizes=\"(max-width: 284px) 100vw, 284px\" \/>\u00a0 \u00a0<img loading=\"lazy\" decoding=\"async\" class=\"wp-image-310 alignnone\" src=\"https:\/\/www.euro-online.org\/websites\/continuous-optimization\/wp-content\/uploads\/sites\/7\/2017\/04\/EWG_EUROPT-1.png\" alt=\"\" width=\"224\" height=\"182\" \/>\u00a0 \u00a0 \u00a0<img loading=\"lazy\" decoding=\"async\" class=\"alignnone wp-image-1069 \" src=\"https:\/\/www.euro-online.org\/websites\/continuous-optimization\/wp-content\/uploads\/sites\/7\/2026\/03\/jku-logo-300x143.jpg\" alt=\"\" width=\"237\" height=\"113\" srcset=\"https:\/\/www.euro-online.org\/websites\/continuous-optimization\/wp-content\/uploads\/sites\/7\/2026\/03\/jku-logo-300x143.jpg 300w, https:\/\/www.euro-online.org\/websites\/continuous-optimization\/wp-content\/uploads\/sites\/7\/2026\/03\/jku-logo-1024x489.jpg 1024w, https:\/\/www.euro-online.org\/websites\/continuous-optimization\/wp-content\/uploads\/sites\/7\/2026\/03\/jku-logo-768x367.jpg 768w, https:\/\/www.euro-online.org\/websites\/continuous-optimization\/wp-content\/uploads\/sites\/7\/2026\/03\/jku-logo-1536x734.jpg 1536w, https:\/\/www.euro-online.org\/websites\/continuous-optimization\/wp-content\/uploads\/sites\/7\/2026\/03\/jku-logo-2048x978.jpg 2048w\" sizes=\"(max-width: 237px) 100vw, 237px\" \/><\/p>\r\n","protected":false},"excerpt":{"rendered":"<p>School dates, venue and topics The school\u00a0 will take place on 6-7\u00a0 July at the Johannes Kepler Universit\u00e4t Linz, Austria. The school is planned to be in-person only, no live [&hellip;]<\/p>\n","protected":false},"author":10,"featured_media":0,"parent":0,"menu_order":0,"comment_status":"closed","ping_status":"closed","template":"","meta":{"footnotes":""},"class_list":["post-1060","page","type-page","status-publish","hentry"],"_links":{"self":[{"href":"https:\/\/www.euro-online.org\/websites\/continuous-optimization\/wp-json\/wp\/v2\/pages\/1060"}],"collection":[{"href":"https:\/\/www.euro-online.org\/websites\/continuous-optimization\/wp-json\/wp\/v2\/pages"}],"about":[{"href":"https:\/\/www.euro-online.org\/websites\/continuous-optimization\/wp-json\/wp\/v2\/types\/page"}],"author":[{"embeddable":true,"href":"https:\/\/www.euro-online.org\/websites\/continuous-optimization\/wp-json\/wp\/v2\/users\/10"}],"replies":[{"embeddable":true,"href":"https:\/\/www.euro-online.org\/websites\/continuous-optimization\/wp-json\/wp\/v2\/comments?post=1060"}],"version-history":[{"count":15,"href":"https:\/\/www.euro-online.org\/websites\/continuous-optimization\/wp-json\/wp\/v2\/pages\/1060\/revisions"}],"predecessor-version":[{"id":1086,"href":"https:\/\/www.euro-online.org\/websites\/continuous-optimization\/wp-json\/wp\/v2\/pages\/1060\/revisions\/1086"}],"wp:attachment":[{"href":"https:\/\/www.euro-online.org\/websites\/continuous-optimization\/wp-json\/wp\/v2\/media?parent=1060"}],"curies":[{"name":"wp","href":"https:\/\/api.w.org\/{rel}","templated":true}]}}