{"id":107,"date":"2017-01-21T13:22:03","date_gmt":"2017-01-21T13:22:03","guid":{"rendered":"https:\/\/www.euro-online.org\/websites\/demo\/?page_id=107"},"modified":"2024-04-05T13:27:40","modified_gmt":"2024-04-05T13:27:40","slug":"contact","status":"publish","type":"page","link":"https:\/\/www.euro-online.org\/websites\/bor\/contact\/","title":{"rendered":"Contact"},"content":{"rendered":"<div class=\"wpb-content-wrapper\"><p>[vc_row][vc_column][vc_column_text]<strong>L. Alberto Franco<\/strong><br \/>\n<a href=\"mailto:alberto.franco@bristol.ac.uk\">alberto.franco@bristol.ac.uk<\/a><br \/>\nUniversity of Bristol Business School<br \/>\n11-13 Tyndall\u2019s Park Road, Bristol BS8 1PY<br \/>\nUnited Kingdom<br \/>\n<a href=\"https:\/\/research-information.bris.ac.uk\/en\/persons\/alberto-franco\">Website<\/a><\/p>\n<p>&nbsp;<\/p>\n<p><strong>Raimo P. H\u00e4m\u00e4l\u00e4inen<\/strong><br \/>\n<a href=\"mailto:raimo.hamalainen@aalto.fi\">raimo.hamalainen@aalto.fi<\/a><br \/>\nAalto University, School of Science<br \/>\nSystems Analysis Laboratory<br \/>\nP.O.Box 11100<br \/>\n00076 Aalto<br \/>\nFinland<br \/>\nPhone: +358-500-677942<br \/>\n<a href=\"http:\/\/sal.aalto.fi\/raimo\">Website<\/a><\/p>\n<p>&nbsp;<\/p>\n<p>[\/vc_column_text][vc_btn title=&#8221;Become a member&#8221; align=&#8221;center&#8221; link=&#8221;url:https%3A%2F%2Fwww.euro-online.org%2Fwebsites%2Fbor%2Fregister%2F|title:https%3A%2F%2Fwww.euro-online.org%2Fwebsites%2Fbor%2Fregister%2F&#8221;][\/vc_column][\/vc_row][vc_row][vc_column][vc_btn title=&#8221;Unsubscribe from the BOR list&#8221; align=&#8221;center&#8221; link=&#8221;url:mailto%3Aanita.onay%40mci.edu|title:unsubscribe&#8221; id=&#8221;&#8220;message&#8220;&#8221;][\/vc_column][\/vc_row]<\/p>\n<\/div>","protected":false},"excerpt":{"rendered":"<p>[vc_row][vc_column][vc_column_text]L. Alberto Franco alberto.franco@bristol.ac.uk University of Bristol Business School 11-13 Tyndall\u2019s Park Road, Bristol BS8 1PY United Kingdom Website &nbsp; Raimo P. H\u00e4m\u00e4l\u00e4inen raimo.hamalainen@aalto.fi Aalto University, School of Science Systems [&hellip;]<\/p>\n","protected":false},"author":1,"featured_media":0,"parent":0,"menu_order":0,"comment_status":"closed","ping_status":"closed","template":"","meta":{"footnotes":""},"class_list":["post-107","page","type-page","status-publish","hentry"],"_links":{"self":[{"href":"https:\/\/www.euro-online.org\/websites\/bor\/wp-json\/wp\/v2\/pages\/107"}],"collection":[{"href":"https:\/\/www.euro-online.org\/websites\/bor\/wp-json\/wp\/v2\/pages"}],"about":[{"href":"https:\/\/www.euro-online.org\/websites\/bor\/wp-json\/wp\/v2\/types\/page"}],"author":[{"embeddable":true,"href":"https:\/\/www.euro-online.org\/websites\/bor\/wp-json\/wp\/v2\/users\/1"}],"replies":[{"embeddable":true,"href":"https:\/\/www.euro-online.org\/websites\/bor\/wp-json\/wp\/v2\/comments?post=107"}],"version-history":[{"count":12,"href":"https:\/\/www.euro-online.org\/websites\/bor\/wp-json\/wp\/v2\/pages\/107\/revisions"}],"predecessor-version":[{"id":1198,"href":"https:\/\/www.euro-online.org\/websites\/bor\/wp-json\/wp\/v2\/pages\/107\/revisions\/1198"}],"wp:attachment":[{"href":"https:\/\/www.euro-online.org\/websites\/bor\/wp-json\/wp\/v2\/media?parent=107"}],"curies":[{"name":"wp","href":"https:\/\/api.w.org\/{rel}","templated":true}]}}